{"id":8012,"date":"2025-11-12T14:40:40","date_gmt":"2025-11-12T14:40:40","guid":{"rendered":"https:\/\/qualybabyloja.com.br\/loja\/?post_type=product&#038;p=8012"},"modified":"2026-01-21T15:11:47","modified_gmt":"2026-01-21T15:11:47","slug":"carrinho-de-bebe-baby-throne-ultra","status":"publish","type":"product","link":"https:\/\/qualybabyloja.com.br\/loja\/?product=carrinho-de-bebe-baby-throne-ultra","title":{"rendered":"Carrinho De Bebe Baby Throne Ultra"},"content":{"rendered":"<ul class=\"\">\n<li class=\"\" data-spm-anchor-id=\"a2o4k.pdp_revamp.product_detail.i3.3c361d24DWdxWS\"><span>Rodas de PU (n\u00e3o h\u00e1 necessidade de inflar ar) est\u00e1veis \u200b\u200be adequadas para todos os tipos de superf\u00edcies de piso<\/span><\/li>\n<li class=\"\"><span>Sistema Soft Drive para manobrabilidade<\/span><\/li>\n<li class=\"\"><span>Reclin\u00e1vel em v\u00e1rias posi\u00e7\u00f5es at\u00e9 170 graus<\/span><\/li>\n<li class=\"\"><span>Dobre, desdobre ou empurre com uma m\u00e3o<\/span><\/li>\n<li class=\"\"><span>Capuz ajust\u00e1vel \u00e0 prova de UV com 3 posi\u00e7\u00f5es<\/span><\/li>\n<li class=\"\"><span>Arn\u00eas de cinco pontos<\/span><\/li>\n<li class=\"\"><span>Janela esconde-esconde no cap\u00f4<br \/>\n<\/span><\/li>\n<li class=\"\" data-spm-anchor-id=\"a2o4k.pdp_revamp.product_detail.i6.3c361d24DWdxWS\"><span style=\"\"><span style=\"\">Tecidos remov\u00edveis e lav\u00e1veis<\/span><\/span><\/li>\n<li class=\"\"><span style=\"\"><span style=\"\" data-spm-anchor-id=\"a2o4k.pdp_revamp.product_detail.i7.3c361d24DWdxWS\">Cesta de armazenamento espa\u00e7osa<\/span><\/span><\/li>\n<li class=\"\"><span style=\"\"><span style=\"\">Freios mec\u00e2nicos para garantia de seguran\u00e7a<\/span><\/span><\/li>\n<\/ul>\n","protected":false},"excerpt":{"rendered":"<p>Reclina\u00e7\u00e3o Super Compacto Dobr\u00e1vel Carrinho de Beb\u00ea (100% Aut\u00eantico)<\/p>\n<p><span>Carrinho super compacto &#8211; Pequeno o suficiente para ser levado como bagagem de m\u00e3o em aeronaves<\/span><\/p>\n<p><span>Ajuste o cap\u00f4 MyVi e Axia<\/span><\/p>\n<p><span>Leve &#8211; apenas 5,8 kg<\/span><\/p>\n<p><span>Adequado para rec\u00e9m-nascidos at\u00e9 beb\u00eas de 25 kg<\/span><\/p>\n<p><span>Carrinho de passeio desdobrado C46cm x L68cm x A103cm<\/span><\/p>\n<p><span>Carrinho de passeio dobrado C40cm x L16cm x A54cm<\/span><\/p>\n<p><span>Assento virado para frente<\/span><\/p>\n<p><span>Design seguro e resistente<\/span><\/p>\n","protected":false},"featured_media":8090,"comment_status":"open","ping_status":"closed","template":"","meta":{"site-sidebar-layout":"default","site-content-layout":"","ast-site-content-layout":"default","site-content-style":"default","site-sidebar-style":"default","ast-global-header-display":"","ast-banner-title-visibility":"","ast-main-header-display":"","ast-hfb-above-header-display":"","ast-hfb-below-header-display":"","ast-hfb-mobile-header-display":"","site-post-title":"","ast-breadcrumbs-content":"","ast-featured-img":"","footer-sml-layout":"","theme-transparent-header-meta":"","adv-header-id-meta":"","stick-header-meta":"","header-above-stick-meta":"","header-main-stick-meta":"","header-below-stick-meta":"","astra-migrate-meta-layouts":"default","ast-page-background-enabled":"default","ast-page-background-meta":{"desktop":{"background-color":"","background-image":"","background-repeat":"repeat","background-position":"center center","background-size":"auto","background-attachment":"scroll","background-type":"","background-media":"","overlay-type":"","overlay-color":"","overlay-opacity":"","overlay-gradient":""},"tablet":{"background-color":"","background-image":"","background-repeat":"repeat","background-position":"center center","background-size":"auto","background-attachment":"scroll","background-type":"","background-media":"","overlay-type":"","overlay-color":"","overlay-opacity":"","overlay-gradient":""},"mobile":{"background-color":"","background-image":"","background-repeat":"repeat","background-position":"center center","background-size":"auto","background-attachment":"scroll","background-type":"","background-media":"","overlay-type":"","overlay-color":"","overlay-opacity":"","overlay-gradient":""}},"ast-content-background-meta":{"desktop":{"background-color":"var(--ast-global-color-5)","background-image":"","background-repeat":"repeat","background-position":"center center","background-size":"auto","background-attachment":"scroll","background-type":"","background-media":"","overlay-type":"","overlay-color":"","overlay-opacity":"","overlay-gradient":""},"tablet":{"background-color":"var(--ast-global-color-5)","background-image":"","background-repeat":"repeat","background-position":"center center","background-size":"auto","background-attachment":"scroll","background-type":"","background-media":"","overlay-type":"","overlay-color":"","overlay-opacity":"","overlay-gradient":""},"mobile":{"background-color":"var(--ast-global-color-5)","background-image":"","background-repeat":"repeat","background-position":"center center","background-size":"auto","background-attachment":"scroll","background-type":"","background-media":"","overlay-type":"","overlay-color":"","overlay-opacity":"","overlay-gradient":""}}},"product_brand":[],"product_cat":[86],"product_tag":[1221,1471,1472,1249,1081],"class_list":{"0":"post-8012","1":"product","2":"type-product","3":"status-publish","4":"has-post-thumbnail","6":"product_cat-desapego","7":"product_tag-25kg","8":"product_tag-carrinhobabythrone","9":"product_tag-carrinhomaleta","10":"product_tag-cinto5pontas","11":"product_tag-carrinhodebebe","12":"desktop-align-left","13":"tablet-align-left","14":"mobile-align-left","16":"first","17":"outofstock","18":"shipping-taxable","19":"purchasable","20":"product-type-simple"},"_links":{"self":[{"href":"https:\/\/qualybabyloja.com.br\/loja\/index.php?rest_route=\/wp\/v2\/product\/8012","targetHints":{"allow":["GET"]}}],"collection":[{"href":"https:\/\/qualybabyloja.com.br\/loja\/index.php?rest_route=\/wp\/v2\/product"}],"about":[{"href":"https:\/\/qualybabyloja.com.br\/loja\/index.php?rest_route=\/wp\/v2\/types\/product"}],"replies":[{"embeddable":true,"href":"https:\/\/qualybabyloja.com.br\/loja\/index.php?rest_route=%2Fwp%2Fv2%2Fcomments&post=8012"}],"version-history":[{"count":1,"href":"https:\/\/qualybabyloja.com.br\/loja\/index.php?rest_route=\/wp\/v2\/product\/8012\/revisions"}],"predecessor-version":[{"id":8091,"href":"https:\/\/qualybabyloja.com.br\/loja\/index.php?rest_route=\/wp\/v2\/product\/8012\/revisions\/8091"}],"wp:featuredmedia":[{"embeddable":true,"href":"https:\/\/qualybabyloja.com.br\/loja\/index.php?rest_route=\/wp\/v2\/media\/8090"}],"wp:attachment":[{"href":"https:\/\/qualybabyloja.com.br\/loja\/index.php?rest_route=%2Fwp%2Fv2%2Fmedia&parent=8012"}],"wp:term":[{"taxonomy":"product_brand","embeddable":true,"href":"https:\/\/qualybabyloja.com.br\/loja\/index.php?rest_route=%2Fwp%2Fv2%2Fproduct_brand&post=8012"},{"taxonomy":"product_cat","embeddable":true,"href":"https:\/\/qualybabyloja.com.br\/loja\/index.php?rest_route=%2Fwp%2Fv2%2Fproduct_cat&post=8012"},{"taxonomy":"product_tag","embeddable":true,"href":"https:\/\/qualybabyloja.com.br\/loja\/index.php?rest_route=%2Fwp%2Fv2%2Fproduct_tag&post=8012"}],"curies":[{"name":"wp","href":"https:\/\/api.w.org\/{rel}","templated":true}]}}