{"id":7775,"date":"2025-11-12T14:36:48","date_gmt":"2025-11-12T14:36:48","guid":{"rendered":"https:\/\/qualybabyloja.com.br\/loja\/?post_type=product&#038;p=7775"},"modified":"2025-11-12T14:38:56","modified_gmt":"2025-11-12T14:38:56","slug":"forro-assento-do-carrinho-infanti-legend-preto","status":"publish","type":"product","link":"https:\/\/qualybabyloja.com.br\/loja\/?product=forro-assento-do-carrinho-infanti-legend-preto","title":{"rendered":"Forro Assento Do Carrinho Infanti Legend Preto"},"content":{"rendered":"","protected":false},"excerpt":{"rendered":"<p>O conjunto Travel System Legend TS DUO da Infanti \u00e9 composto pelo carrinho com estrutura leve de alum\u00ednio, acabamento cromado, para um visual moderno e tecidos macios com toque diferenciado. O conforto extra \u00e9 garantido pela forra\u00e7\u00e3o do assento, em tecido com espuma, macio e respir\u00e1vel, e 3 posi\u00e7\u00f5es de inclina\u00e7\u00e3o para os beb\u00eas rec\u00e9m-nascidos e maiores.<\/p>\n","protected":false},"featured_media":7921,"comment_status":"open","ping_status":"closed","template":"","meta":{"site-sidebar-layout":"default","site-content-layout":"","ast-site-content-layout":"default","site-content-style":"default","site-sidebar-style":"default","ast-global-header-display":"","ast-banner-title-visibility":"","ast-main-header-display":"","ast-hfb-above-header-display":"","ast-hfb-below-header-display":"","ast-hfb-mobile-header-display":"","site-post-title":"","ast-breadcrumbs-content":"","ast-featured-img":"","footer-sml-layout":"","theme-transparent-header-meta":"","adv-header-id-meta":"","stick-header-meta":"","header-above-stick-meta":"","header-main-stick-meta":"","header-below-stick-meta":"","astra-migrate-meta-layouts":"default","ast-page-background-enabled":"default","ast-page-background-meta":{"desktop":{"background-color":"","background-image":"","background-repeat":"repeat","background-position":"center center","background-size":"auto","background-attachment":"scroll","background-type":"","background-media":"","overlay-type":"","overlay-color":"","overlay-opacity":"","overlay-gradient":""},"tablet":{"background-color":"","background-image":"","background-repeat":"repeat","background-position":"center center","background-size":"auto","background-attachment":"scroll","background-type":"","background-media":"","overlay-type":"","overlay-color":"","overlay-opacity":"","overlay-gradient":""},"mobile":{"background-color":"","background-image":"","background-repeat":"repeat","background-position":"center center","background-size":"auto","background-attachment":"scroll","background-type":"","background-media":"","overlay-type":"","overlay-color":"","overlay-opacity":"","overlay-gradient":""}},"ast-content-background-meta":{"desktop":{"background-color":"var(--ast-global-color-5)","background-image":"","background-repeat":"repeat","background-position":"center center","background-size":"auto","background-attachment":"scroll","background-type":"","background-media":"","overlay-type":"","overlay-color":"","overlay-opacity":"","overlay-gradient":""},"tablet":{"background-color":"var(--ast-global-color-5)","background-image":"","background-repeat":"repeat","background-position":"center center","background-size":"auto","background-attachment":"scroll","background-type":"","background-media":"","overlay-type":"","overlay-color":"","overlay-opacity":"","overlay-gradient":""},"mobile":{"background-color":"var(--ast-global-color-5)","background-image":"","background-repeat":"repeat","background-position":"center center","background-size":"auto","background-attachment":"scroll","background-type":"","background-media":"","overlay-type":"","overlay-color":"","overlay-opacity":"","overlay-gradient":""}}},"product_brand":[],"product_cat":[575],"product_tag":[1363,1364,1365,781],"class_list":{"0":"post-7775","1":"product","2":"type-product","3":"status-publish","4":"has-post-thumbnail","6":"product_cat-infanti","7":"product_tag-forroassento","8":"product_tag-forrodecarrinhodebebe","9":"product_tag-forrodocarrinhoinfanti","10":"product_tag-infanti","11":"product_shipping_class-todos","12":"desktop-align-left","13":"tablet-align-left","14":"mobile-align-left","16":"first","17":"instock","18":"shipping-taxable","19":"product-type-simple"},"_links":{"self":[{"href":"https:\/\/qualybabyloja.com.br\/loja\/index.php?rest_route=\/wp\/v2\/product\/7775","targetHints":{"allow":["GET"]}}],"collection":[{"href":"https:\/\/qualybabyloja.com.br\/loja\/index.php?rest_route=\/wp\/v2\/product"}],"about":[{"href":"https:\/\/qualybabyloja.com.br\/loja\/index.php?rest_route=\/wp\/v2\/types\/product"}],"replies":[{"embeddable":true,"href":"https:\/\/qualybabyloja.com.br\/loja\/index.php?rest_route=%2Fwp%2Fv2%2Fcomments&post=7775"}],"version-history":[{"count":1,"href":"https:\/\/qualybabyloja.com.br\/loja\/index.php?rest_route=\/wp\/v2\/product\/7775\/revisions"}],"predecessor-version":[{"id":7922,"href":"https:\/\/qualybabyloja.com.br\/loja\/index.php?rest_route=\/wp\/v2\/product\/7775\/revisions\/7922"}],"wp:featuredmedia":[{"embeddable":true,"href":"https:\/\/qualybabyloja.com.br\/loja\/index.php?rest_route=\/wp\/v2\/media\/7921"}],"wp:attachment":[{"href":"https:\/\/qualybabyloja.com.br\/loja\/index.php?rest_route=%2Fwp%2Fv2%2Fmedia&parent=7775"}],"wp:term":[{"taxonomy":"product_brand","embeddable":true,"href":"https:\/\/qualybabyloja.com.br\/loja\/index.php?rest_route=%2Fwp%2Fv2%2Fproduct_brand&post=7775"},{"taxonomy":"product_cat","embeddable":true,"href":"https:\/\/qualybabyloja.com.br\/loja\/index.php?rest_route=%2Fwp%2Fv2%2Fproduct_cat&post=7775"},{"taxonomy":"product_tag","embeddable":true,"href":"https:\/\/qualybabyloja.com.br\/loja\/index.php?rest_route=%2Fwp%2Fv2%2Fproduct_tag&post=7775"}],"curies":[{"name":"wp","href":"https:\/\/api.w.org\/{rel}","templated":true}]}}