{"id":7749,"date":"2025-11-12T14:36:19","date_gmt":"2025-11-12T14:36:19","guid":{"rendered":"https:\/\/qualybabyloja.com.br\/loja\/?post_type=product&#038;p=7749"},"modified":"2026-01-21T15:13:04","modified_gmt":"2026-01-21T15:13:04","slug":"9805-cadeira-auto-safety-multifix","status":"publish","type":"product","link":"https:\/\/qualybabyloja.com.br\/loja\/?product=9805-cadeira-auto-safety-multifix","title":{"rendered":"# 9805 Cadeira Auto Safety Multifix"},"content":{"rendered":"<p>Acompanha todas as fases do crescimento da crian\u00e7a. Seguran\u00e7a extra da instala\u00e7\u00e3o flex\u00edvel, com o cinto do ve\u00edculo ou com o sistem ISOFIX (a partir do Grupo 1).<\/p>\n<p>A cadeirinha Multifix da Safety 1st \u00e9 uma cadeira multigrupos que acompanha todas as fases do seu filho, dos 0 aos 36 Kg, isto \u00e9, do nascimento at\u00e9 aproximadamente os 10 anos de idade. Pode ser instalada nos cintos dos ve\u00edculos (de frente ou de costas ao movimento) ou no moderno sistema ISOFIX (quando de frente para o movimento), dando flexibilidade para um uso mais f\u00e1cil em diferentes tipos de autom\u00f3veis.<\/p>\n<p>Possui almofadas redutoras acolchoadas, com espuma extra para os menores, facilidade\u00a0 com os el\u00e1sticos laterais para apoio das fivelas do cinto no momento de colocar e retirar a crian\u00e7a,\u00a0 4 posi\u00e7\u00f5es de inclina\u00e7\u00e3o muito confort\u00e1veis e o ajuste simult\u00e2neo de altura, o apoio de cabe\u00e7a e os cintos da crian\u00e7a sobem ao mesmo tempo e capa remov\u00edvel e lav\u00e1vel \u00e0 m\u00e1quina, muito mais praticidade para os pais no dia a dia.<\/p>\n<p>Possui sistema de prote\u00e7\u00e3o lateral Air Protect,\u00a0 dando maior seguran\u00e7a aos beb\u00eas e crian\u00e7as.<\/p>\n<p>Aprovada pelo Inmetro conforme norma ABNT 14.400 para os grupos 0+,1 , 2 e 3 (0 a 36 kg).<\/p>\n<p>&nbsp;<\/p>\n<p>&#8211; Multigrupos: 0+,1,2 e 3 (dos 0 aos 36 Kg)<\/p>\n<p>&#8211; Instala\u00e7\u00e3o nos cintos dos ve\u00edculos ou no Isofix (a partir do Grupo I)<\/p>\n<p>&#8211; Prote\u00e7\u00e3o de impacto lateral Sistema Air Protect<\/p>\n<p>&#8211; Indicador de correta instala\u00e7\u00e3o<\/p>\n<p>&#8211; Cinto e apoio de cabe\u00e7a ajust\u00e1veis simult\u00e2neamente em altura<\/p>\n<p>&#8211; El\u00e1sticos de apoio nas laterais ajudam a colocar e retirar os cintos da crian\u00e7a<\/p>\n<p>&#8211; Capa lav\u00e1vel na m\u00e1quina<\/p>\n","protected":false},"excerpt":{"rendered":"<h4 style=\"text-align: center;\"><strong>Marca: Safety 1<\/strong><\/h4>\n<h4 style=\"text-align: center;\"><strong>Tipo: Cadeira Auto<\/strong><\/h4>\n<h4 style=\"text-align: center;\"><strong>Modelo: Multifix<\/strong><\/h4>\n<h4 style=\"text-align: center;\"><\/h4>\n","protected":false},"featured_media":7905,"comment_status":"open","ping_status":"closed","template":"","meta":{"site-sidebar-layout":"default","site-content-layout":"","ast-site-content-layout":"default","site-content-style":"default","site-sidebar-style":"default","ast-global-header-display":"","ast-banner-title-visibility":"","ast-main-header-display":"","ast-hfb-above-header-display":"","ast-hfb-below-header-display":"","ast-hfb-mobile-header-display":"","site-post-title":"","ast-breadcrumbs-content":"","ast-featured-img":"","footer-sml-layout":"","theme-transparent-header-meta":"","adv-header-id-meta":"","stick-header-meta":"","header-above-stick-meta":"","header-main-stick-meta":"","header-below-stick-meta":"","astra-migrate-meta-layouts":"default","ast-page-background-enabled":"default","ast-page-background-meta":{"desktop":{"background-color":"","background-image":"","background-repeat":"repeat","background-position":"center center","background-size":"auto","background-attachment":"scroll","background-type":"","background-media":"","overlay-type":"","overlay-color":"","overlay-opacity":"","overlay-gradient":""},"tablet":{"background-color":"","background-image":"","background-repeat":"repeat","background-position":"center center","background-size":"auto","background-attachment":"scroll","background-type":"","background-media":"","overlay-type":"","overlay-color":"","overlay-opacity":"","overlay-gradient":""},"mobile":{"background-color":"","background-image":"","background-repeat":"repeat","background-position":"center center","background-size":"auto","background-attachment":"scroll","background-type":"","background-media":"","overlay-type":"","overlay-color":"","overlay-opacity":"","overlay-gradient":""}},"ast-content-background-meta":{"desktop":{"background-color":"var(--ast-global-color-5)","background-image":"","background-repeat":"repeat","background-position":"center center","background-size":"auto","background-attachment":"scroll","background-type":"","background-media":"","overlay-type":"","overlay-color":"","overlay-opacity":"","overlay-gradient":""},"tablet":{"background-color":"var(--ast-global-color-5)","background-image":"","background-repeat":"repeat","background-position":"center center","background-size":"auto","background-attachment":"scroll","background-type":"","background-media":"","overlay-type":"","overlay-color":"","overlay-opacity":"","overlay-gradient":""},"mobile":{"background-color":"var(--ast-global-color-5)","background-image":"","background-repeat":"repeat","background-position":"center center","background-size":"auto","background-attachment":"scroll","background-type":"","background-media":"","overlay-type":"","overlay-color":"","overlay-opacity":"","overlay-gradient":""}}},"product_brand":[],"product_cat":[15,86,73],"product_tag":[1211,1353,667,1354,430,1355,1282,405,1356],"class_list":{"0":"post-7749","1":"product","2":"type-product","3":"status-publish","4":"has-post-thumbnail","6":"product_cat-sem-categoria","7":"product_cat-desapego","8":"product_cat-safety","9":"product_tag-cadeira","10":"product_tag-auto","11":"product_tag-cadeira-de-carro","12":"product_tag-carro","13":"product_tag-isofix","14":"product_tag-multifix","15":"product_tag-preto","16":"product_tag-safety","17":"product_tag-safety-multifix","18":"desktop-align-left","19":"tablet-align-left","20":"mobile-align-left","22":"first","23":"outofstock","24":"shipping-taxable","25":"purchasable","26":"product-type-simple"},"_links":{"self":[{"href":"https:\/\/qualybabyloja.com.br\/loja\/index.php?rest_route=\/wp\/v2\/product\/7749","targetHints":{"allow":["GET"]}}],"collection":[{"href":"https:\/\/qualybabyloja.com.br\/loja\/index.php?rest_route=\/wp\/v2\/product"}],"about":[{"href":"https:\/\/qualybabyloja.com.br\/loja\/index.php?rest_route=\/wp\/v2\/types\/product"}],"replies":[{"embeddable":true,"href":"https:\/\/qualybabyloja.com.br\/loja\/index.php?rest_route=%2Fwp%2Fv2%2Fcomments&post=7749"}],"version-history":[{"count":1,"href":"https:\/\/qualybabyloja.com.br\/loja\/index.php?rest_route=\/wp\/v2\/product\/7749\/revisions"}],"predecessor-version":[{"id":7906,"href":"https:\/\/qualybabyloja.com.br\/loja\/index.php?rest_route=\/wp\/v2\/product\/7749\/revisions\/7906"}],"wp:featuredmedia":[{"embeddable":true,"href":"https:\/\/qualybabyloja.com.br\/loja\/index.php?rest_route=\/wp\/v2\/media\/7905"}],"wp:attachment":[{"href":"https:\/\/qualybabyloja.com.br\/loja\/index.php?rest_route=%2Fwp%2Fv2%2Fmedia&parent=7749"}],"wp:term":[{"taxonomy":"product_brand","embeddable":true,"href":"https:\/\/qualybabyloja.com.br\/loja\/index.php?rest_route=%2Fwp%2Fv2%2Fproduct_brand&post=7749"},{"taxonomy":"product_cat","embeddable":true,"href":"https:\/\/qualybabyloja.com.br\/loja\/index.php?rest_route=%2Fwp%2Fv2%2Fproduct_cat&post=7749"},{"taxonomy":"product_tag","embeddable":true,"href":"https:\/\/qualybabyloja.com.br\/loja\/index.php?rest_route=%2Fwp%2Fv2%2Fproduct_tag&post=7749"}],"curies":[{"name":"wp","href":"https:\/\/api.w.org\/{rel}","templated":true}]}}