{"id":7475,"date":"2025-11-12T14:30:40","date_gmt":"2025-11-12T14:30:40","guid":{"rendered":"https:\/\/qualybabyloja.com.br\/loja\/?post_type=product&#038;p=7475"},"modified":"2025-11-12T14:32:57","modified_gmt":"2025-11-12T14:32:57","slug":"109806-carrinho-joie-pact-preto","status":"publish","type":"product","link":"https:\/\/qualybabyloja.com.br\/loja\/?product=109806-carrinho-joie-pact-preto","title":{"rendered":"#109806 CARRINHO JOIE PACT PRETO"},"content":{"rendered":"<p><span class=\"sc-dcJsrY jZKEso\" data-testid=\"product-detail-title\">Carrinho de Beb\u00ea Joie Pact at\u00e9 15kg<\/span><\/p>\n<div class=\"sc-iGgWBj jEOEJZ sc-iCbVgq gMqAUE\" data-testid=\"product-detail-description\">\n<div class=\"sc-iGgWBj eWtIHQ sc-kodNMj dCOsrq\" data-testid=\"rich-content-container\">Leveza, inova\u00e7\u00e3o, design e contemporaneidade s\u00e3o atributos do carrinho Pact da Joie. Extremamente compacto e vers\u00e1til, para aqueles que desfrutam de um estilo de vida urbano. Pesando apenas 6kg, entrega todo o conforto e seguran\u00e7a de um carrinho robusto. Seu encosto possui reclino na posi\u00e7\u00e3o lie-flat, possibilitando o uso desde o nascimento at\u00e9 os 15kg. Possui 4 rodas e pode ser utilizado como carrinho Travel System por ser poss\u00edvel acoplar beb\u00ea conforto com uso de adaptadores. Capota extens\u00edvel com visor e prote\u00e7\u00e3o UV50+ e repelente a \u00e1gua. Quando fechado, possui uma al\u00e7a para transportar o carrinho como uma bolsa. Fechamento atrav\u00e9s da al\u00e7a de condu\u00e7\u00e3o com apenas uma m\u00e3o.<\/div>\n<\/div>\n","protected":false},"excerpt":{"rendered":"<p>Equipamento j\u00e1 Higienizado Semi Novo em \u00f3timas condi\u00e7\u00f5es<\/p>\n<p>&nbsp;<\/p>\n<p>&nbsp;<\/p>\n","protected":false},"featured_media":7589,"comment_status":"open","ping_status":"closed","template":"","meta":{"site-sidebar-layout":"default","site-content-layout":"","ast-site-content-layout":"default","site-content-style":"default","site-sidebar-style":"default","ast-global-header-display":"","ast-banner-title-visibility":"","ast-main-header-display":"","ast-hfb-above-header-display":"","ast-hfb-below-header-display":"","ast-hfb-mobile-header-display":"","site-post-title":"","ast-breadcrumbs-content":"","ast-featured-img":"","footer-sml-layout":"","theme-transparent-header-meta":"","adv-header-id-meta":"","stick-header-meta":"","header-above-stick-meta":"","header-main-stick-meta":"","header-below-stick-meta":"","astra-migrate-meta-layouts":"default","ast-page-background-enabled":"default","ast-page-background-meta":{"desktop":{"background-color":"","background-image":"","background-repeat":"repeat","background-position":"center center","background-size":"auto","background-attachment":"scroll","background-type":"","background-media":"","overlay-type":"","overlay-color":"","overlay-opacity":"","overlay-gradient":""},"tablet":{"background-color":"","background-image":"","background-repeat":"repeat","background-position":"center center","background-size":"auto","background-attachment":"scroll","background-type":"","background-media":"","overlay-type":"","overlay-color":"","overlay-opacity":"","overlay-gradient":""},"mobile":{"background-color":"","background-image":"","background-repeat":"repeat","background-position":"center center","background-size":"auto","background-attachment":"scroll","background-type":"","background-media":"","overlay-type":"","overlay-color":"","overlay-opacity":"","overlay-gradient":""}},"ast-content-background-meta":{"desktop":{"background-color":"var(--ast-global-color-5)","background-image":"","background-repeat":"repeat","background-position":"center center","background-size":"auto","background-attachment":"scroll","background-type":"","background-media":"","overlay-type":"","overlay-color":"","overlay-opacity":"","overlay-gradient":""},"tablet":{"background-color":"var(--ast-global-color-5)","background-image":"","background-repeat":"repeat","background-position":"center center","background-size":"auto","background-attachment":"scroll","background-type":"","background-media":"","overlay-type":"","overlay-color":"","overlay-opacity":"","overlay-gradient":""},"mobile":{"background-color":"var(--ast-global-color-5)","background-image":"","background-repeat":"repeat","background-position":"center center","background-size":"auto","background-attachment":"scroll","background-type":"","background-media":"","overlay-type":"","overlay-color":"","overlay-opacity":"","overlay-gradient":""}}},"product_brand":[],"product_cat":[86],"product_tag":[1280,1281,1282],"class_list":{"0":"post-7475","1":"product","2":"type-product","3":"status-publish","4":"has-post-thumbnail","6":"product_cat-desapego","7":"product_tag-jahigienizado","8":"product_tag-joie","9":"product_tag-preto","10":"desktop-align-left","11":"tablet-align-left","12":"mobile-align-left","14":"first","15":"instock","16":"shipping-taxable","17":"purchasable","18":"product-type-simple"},"_links":{"self":[{"href":"https:\/\/qualybabyloja.com.br\/loja\/index.php?rest_route=\/wp\/v2\/product\/7475","targetHints":{"allow":["GET"]}}],"collection":[{"href":"https:\/\/qualybabyloja.com.br\/loja\/index.php?rest_route=\/wp\/v2\/product"}],"about":[{"href":"https:\/\/qualybabyloja.com.br\/loja\/index.php?rest_route=\/wp\/v2\/types\/product"}],"replies":[{"embeddable":true,"href":"https:\/\/qualybabyloja.com.br\/loja\/index.php?rest_route=%2Fwp%2Fv2%2Fcomments&post=7475"}],"version-history":[{"count":1,"href":"https:\/\/qualybabyloja.com.br\/loja\/index.php?rest_route=\/wp\/v2\/product\/7475\/revisions"}],"predecessor-version":[{"id":7590,"href":"https:\/\/qualybabyloja.com.br\/loja\/index.php?rest_route=\/wp\/v2\/product\/7475\/revisions\/7590"}],"wp:featuredmedia":[{"embeddable":true,"href":"https:\/\/qualybabyloja.com.br\/loja\/index.php?rest_route=\/wp\/v2\/media\/7589"}],"wp:attachment":[{"href":"https:\/\/qualybabyloja.com.br\/loja\/index.php?rest_route=%2Fwp%2Fv2%2Fmedia&parent=7475"}],"wp:term":[{"taxonomy":"product_brand","embeddable":true,"href":"https:\/\/qualybabyloja.com.br\/loja\/index.php?rest_route=%2Fwp%2Fv2%2Fproduct_brand&post=7475"},{"taxonomy":"product_cat","embeddable":true,"href":"https:\/\/qualybabyloja.com.br\/loja\/index.php?rest_route=%2Fwp%2Fv2%2Fproduct_cat&post=7475"},{"taxonomy":"product_tag","embeddable":true,"href":"https:\/\/qualybabyloja.com.br\/loja\/index.php?rest_route=%2Fwp%2Fv2%2Fproduct_tag&post=7475"}],"curies":[{"name":"wp","href":"https:\/\/api.w.org\/{rel}","templated":true}]}}