{"id":7385,"date":"2025-11-12T14:29:03","date_gmt":"2025-11-12T14:29:03","guid":{"rendered":"https:\/\/qualybabyloja.com.br\/loja\/?post_type=product&#038;p=7385"},"modified":"2025-11-20T17:19:44","modified_gmt":"2025-11-20T17:19:44","slug":"forro-para-a-cadeira-refeicao-papa-soneca-monstrinhos","status":"publish","type":"product","link":"https:\/\/qualybabyloja.com.br\/loja\/?product=forro-para-a-cadeira-refeicao-papa-soneca-monstrinhos","title":{"rendered":"Forro Para a Cadeira Refei\u00e7\u00e3o Papa &#038; Soneca Monstrinhos"},"content":{"rendered":"","protected":false},"excerpt":{"rendered":"<p>O Estofamento Original para Cadeira PAPA &amp; SONECA Burigotto \u00e9 a escolha perfeita para garantir o conforto e a seguran\u00e7a do seu beb\u00ea.<\/p>\n<p>imperme\u00e1vel e lav\u00e1vel, ele \u00e9 f\u00e1cil de trocar e manter limpo.<\/p>\n<p>Benef\u00edcios:<\/p>\n<p>Conforto: O estofado \u00e9 macio e aconchegante, proporcionando o m\u00e1ximo de conforto para o beb\u00ea.<\/p>\n<p>Seguran\u00e7a: O estofado \u00e9 fixado \u00e0 cadeira com seguran\u00e7a, evitando que o beb\u00ea escorregue ou se machuque.<\/p>\n<p>Praticidade: O estofado \u00e9 f\u00e1cil de trocar e lavar, mantendo-se sempre limpo e higienizado.<br \/>\nCompre agora mesmo e garanta o melhor para o seu beb\u00ea!<\/p>\n<p>BURIGOTTO &amp; PEG-P\u00c9REGO<\/p>\n<p>Produtos para sempre garantir que o seu beb\u00ea esteja confort\u00e1vel e protegido em todas as ocasi\u00f5es.<\/p>\n","protected":false},"featured_media":7501,"comment_status":"open","ping_status":"closed","template":"","meta":{"site-sidebar-layout":"default","site-content-layout":"","ast-site-content-layout":"default","site-content-style":"default","site-sidebar-style":"default","ast-global-header-display":"","ast-banner-title-visibility":"","ast-main-header-display":"","ast-hfb-above-header-display":"","ast-hfb-below-header-display":"","ast-hfb-mobile-header-display":"","site-post-title":"","ast-breadcrumbs-content":"","ast-featured-img":"","footer-sml-layout":"","theme-transparent-header-meta":"","adv-header-id-meta":"","stick-header-meta":"","header-above-stick-meta":"","header-main-stick-meta":"","header-below-stick-meta":"","astra-migrate-meta-layouts":"default","ast-page-background-enabled":"default","ast-page-background-meta":{"desktop":{"background-color":"","background-image":"","background-repeat":"repeat","background-position":"center center","background-size":"auto","background-attachment":"scroll","background-type":"","background-media":"","overlay-type":"","overlay-color":"","overlay-opacity":"","overlay-gradient":""},"tablet":{"background-color":"","background-image":"","background-repeat":"repeat","background-position":"center center","background-size":"auto","background-attachment":"scroll","background-type":"","background-media":"","overlay-type":"","overlay-color":"","overlay-opacity":"","overlay-gradient":""},"mobile":{"background-color":"","background-image":"","background-repeat":"repeat","background-position":"center center","background-size":"auto","background-attachment":"scroll","background-type":"","background-media":"","overlay-type":"","overlay-color":"","overlay-opacity":"","overlay-gradient":""}},"ast-content-background-meta":{"desktop":{"background-color":"var(--ast-global-color-5)","background-image":"","background-repeat":"repeat","background-position":"center center","background-size":"auto","background-attachment":"scroll","background-type":"","background-media":"","overlay-type":"","overlay-color":"","overlay-opacity":"","overlay-gradient":""},"tablet":{"background-color":"var(--ast-global-color-5)","background-image":"","background-repeat":"repeat","background-position":"center center","background-size":"auto","background-attachment":"scroll","background-type":"","background-media":"","overlay-type":"","overlay-color":"","overlay-opacity":"","overlay-gradient":""},"mobile":{"background-color":"var(--ast-global-color-5)","background-image":"","background-repeat":"repeat","background-position":"center center","background-size":"auto","background-attachment":"scroll","background-type":"","background-media":"","overlay-type":"","overlay-color":"","overlay-opacity":"","overlay-gradient":""}}},"product_brand":[],"product_cat":[67],"product_tag":[1236,1240,1241,1242,1243,365,273],"class_list":{"0":"post-7385","1":"product","2":"type-product","3":"status-publish","4":"has-post-thumbnail","6":"product_cat-burigotto","7":"product_tag-cadeirarefeicao","8":"product_tag-monstrinhos","9":"product_tag-novo","10":"product_tag-original","11":"product_tag-papasoneca","12":"product_tag-burigotto","13":"product_tag-forro","14":"desktop-align-left","15":"tablet-align-left","16":"mobile-align-left","18":"first","19":"instock","20":"shipping-taxable","21":"product-type-simple"},"_links":{"self":[{"href":"https:\/\/qualybabyloja.com.br\/loja\/index.php?rest_route=\/wp\/v2\/product\/7385","targetHints":{"allow":["GET"]}}],"collection":[{"href":"https:\/\/qualybabyloja.com.br\/loja\/index.php?rest_route=\/wp\/v2\/product"}],"about":[{"href":"https:\/\/qualybabyloja.com.br\/loja\/index.php?rest_route=\/wp\/v2\/types\/product"}],"replies":[{"embeddable":true,"href":"https:\/\/qualybabyloja.com.br\/loja\/index.php?rest_route=%2Fwp%2Fv2%2Fcomments&post=7385"}],"version-history":[{"count":1,"href":"https:\/\/qualybabyloja.com.br\/loja\/index.php?rest_route=\/wp\/v2\/product\/7385\/revisions"}],"predecessor-version":[{"id":7502,"href":"https:\/\/qualybabyloja.com.br\/loja\/index.php?rest_route=\/wp\/v2\/product\/7385\/revisions\/7502"}],"wp:featuredmedia":[{"embeddable":true,"href":"https:\/\/qualybabyloja.com.br\/loja\/index.php?rest_route=\/wp\/v2\/media\/7501"}],"wp:attachment":[{"href":"https:\/\/qualybabyloja.com.br\/loja\/index.php?rest_route=%2Fwp%2Fv2%2Fmedia&parent=7385"}],"wp:term":[{"taxonomy":"product_brand","embeddable":true,"href":"https:\/\/qualybabyloja.com.br\/loja\/index.php?rest_route=%2Fwp%2Fv2%2Fproduct_brand&post=7385"},{"taxonomy":"product_cat","embeddable":true,"href":"https:\/\/qualybabyloja.com.br\/loja\/index.php?rest_route=%2Fwp%2Fv2%2Fproduct_cat&post=7385"},{"taxonomy":"product_tag","embeddable":true,"href":"https:\/\/qualybabyloja.com.br\/loja\/index.php?rest_route=%2Fwp%2Fv2%2Fproduct_tag&post=7385"}],"curies":[{"name":"wp","href":"https:\/\/api.w.org\/{rel}","templated":true}]}}