{"id":7343,"date":"2025-11-12T14:28:34","date_gmt":"2025-11-12T14:28:34","guid":{"rendered":"https:\/\/qualybabyloja.com.br\/loja\/?post_type=product&#038;p=7343"},"modified":"2025-11-12T14:29:40","modified_gmt":"2025-11-12T14:29:40","slug":"carrinho-de-bebe-belecoo-childhood-ja-higienizacao","status":"publish","type":"product","link":"https:\/\/qualybabyloja.com.br\/loja\/?product=carrinho-de-bebe-belecoo-childhood-ja-higienizacao","title":{"rendered":"Carrinho De Beb\u00ea Belecoo &#8211; Childhood  ( J\u00e1 Higieniza\u00e7\u00e3o )"},"content":{"rendered":"","protected":false},"excerpt":{"rendered":"<div><strong>ESPECIFICA\u00c7\u00d5ES<\/strong>:<\/div>\n<ul>\n<li>Projetado para seu pequeno\u00a0usar de 0 a 25\u00a0quilos;<\/li>\n<li>Bidirecional: Beb\u00ea virado para os pais ou para a frente;<\/li>\n<li>Suspens\u00e3o nas quatro rodas (protege a coluna do seu beb\u00ea);<\/li>\n<li>Amortecedores centrais &#8211; Redu\u00e7\u00e3o total de poss\u00edveis impactos;<\/li>\n<li>Rodas dianteiras 360\u00ba;<\/li>\n<li>Rodas de borracha com sistema anti-furo\u00a0(aderem a\u00a0qualquer superf\u00edcie);<\/li>\n<li>Muito espa\u00e7o e conforto para seu beb\u00ea;<\/li>\n<li>Barra de prote\u00e7\u00e3o frontal;<\/li>\n<li>Manopla ajust\u00e1vel em tr\u00eas posi\u00e7\u00f5es de altura;<\/li>\n<li>Capota estendida em tr\u00eas n\u00edveis;<\/li>\n<li>Freios traseiros;<\/li>\n<li>Aberturas opcionais para circula\u00e7\u00e3o de ar;<\/li>\n<li>Monta e desmonta facilmente;<\/li>\n<li>Material: Oxford &amp; linho.<\/li>\n<\/ul>\n","protected":false},"featured_media":7434,"comment_status":"open","ping_status":"closed","template":"","meta":{"site-sidebar-layout":"default","site-content-layout":"","ast-site-content-layout":"default","site-content-style":"default","site-sidebar-style":"default","ast-global-header-display":"","ast-banner-title-visibility":"","ast-main-header-display":"","ast-hfb-above-header-display":"","ast-hfb-below-header-display":"","ast-hfb-mobile-header-display":"","site-post-title":"","ast-breadcrumbs-content":"","ast-featured-img":"","footer-sml-layout":"","theme-transparent-header-meta":"","adv-header-id-meta":"","stick-header-meta":"","header-above-stick-meta":"","header-main-stick-meta":"","header-below-stick-meta":"","astra-migrate-meta-layouts":"default","ast-page-background-enabled":"default","ast-page-background-meta":{"desktop":{"background-color":"","background-image":"","background-repeat":"repeat","background-position":"center center","background-size":"auto","background-attachment":"scroll","background-type":"","background-media":"","overlay-type":"","overlay-color":"","overlay-opacity":"","overlay-gradient":""},"tablet":{"background-color":"","background-image":"","background-repeat":"repeat","background-position":"center center","background-size":"auto","background-attachment":"scroll","background-type":"","background-media":"","overlay-type":"","overlay-color":"","overlay-opacity":"","overlay-gradient":""},"mobile":{"background-color":"","background-image":"","background-repeat":"repeat","background-position":"center center","background-size":"auto","background-attachment":"scroll","background-type":"","background-media":"","overlay-type":"","overlay-color":"","overlay-opacity":"","overlay-gradient":""}},"ast-content-background-meta":{"desktop":{"background-color":"var(--ast-global-color-5)","background-image":"","background-repeat":"repeat","background-position":"center center","background-size":"auto","background-attachment":"scroll","background-type":"","background-media":"","overlay-type":"","overlay-color":"","overlay-opacity":"","overlay-gradient":""},"tablet":{"background-color":"var(--ast-global-color-5)","background-image":"","background-repeat":"repeat","background-position":"center center","background-size":"auto","background-attachment":"scroll","background-type":"","background-media":"","overlay-type":"","overlay-color":"","overlay-opacity":"","overlay-gradient":""},"mobile":{"background-color":"var(--ast-global-color-5)","background-image":"","background-repeat":"repeat","background-position":"center center","background-size":"auto","background-attachment":"scroll","background-type":"","background-media":"","overlay-type":"","overlay-color":"","overlay-opacity":"","overlay-gradient":""}}},"product_brand":[],"product_cat":[86],"product_tag":[1221,716,652,1081,611],"class_list":{"0":"post-7343","1":"product","2":"type-product","3":"status-publish","4":"has-post-thumbnail","6":"product_cat-desapego","7":"product_tag-25kg","8":"product_tag-travelsystem","9":"product_tag-carrinho","10":"product_tag-carrinhodebebe","11":"product_tag-moises","12":"desktop-align-left","13":"tablet-align-left","14":"mobile-align-left","16":"first","17":"outofstock","18":"sale","19":"shipping-taxable","20":"purchasable","21":"product-type-simple"},"_links":{"self":[{"href":"https:\/\/qualybabyloja.com.br\/loja\/index.php?rest_route=\/wp\/v2\/product\/7343","targetHints":{"allow":["GET"]}}],"collection":[{"href":"https:\/\/qualybabyloja.com.br\/loja\/index.php?rest_route=\/wp\/v2\/product"}],"about":[{"href":"https:\/\/qualybabyloja.com.br\/loja\/index.php?rest_route=\/wp\/v2\/types\/product"}],"replies":[{"embeddable":true,"href":"https:\/\/qualybabyloja.com.br\/loja\/index.php?rest_route=%2Fwp%2Fv2%2Fcomments&post=7343"}],"version-history":[{"count":1,"href":"https:\/\/qualybabyloja.com.br\/loja\/index.php?rest_route=\/wp\/v2\/product\/7343\/revisions"}],"predecessor-version":[{"id":7435,"href":"https:\/\/qualybabyloja.com.br\/loja\/index.php?rest_route=\/wp\/v2\/product\/7343\/revisions\/7435"}],"wp:featuredmedia":[{"embeddable":true,"href":"https:\/\/qualybabyloja.com.br\/loja\/index.php?rest_route=\/wp\/v2\/media\/7434"}],"wp:attachment":[{"href":"https:\/\/qualybabyloja.com.br\/loja\/index.php?rest_route=%2Fwp%2Fv2%2Fmedia&parent=7343"}],"wp:term":[{"taxonomy":"product_brand","embeddable":true,"href":"https:\/\/qualybabyloja.com.br\/loja\/index.php?rest_route=%2Fwp%2Fv2%2Fproduct_brand&post=7343"},{"taxonomy":"product_cat","embeddable":true,"href":"https:\/\/qualybabyloja.com.br\/loja\/index.php?rest_route=%2Fwp%2Fv2%2Fproduct_cat&post=7343"},{"taxonomy":"product_tag","embeddable":true,"href":"https:\/\/qualybabyloja.com.br\/loja\/index.php?rest_route=%2Fwp%2Fv2%2Fproduct_tag&post=7343"}],"curies":[{"name":"wp","href":"https:\/\/api.w.org\/{rel}","templated":true}]}}