{"id":7342,"date":"2025-11-12T14:28:34","date_gmt":"2025-11-12T14:28:34","guid":{"rendered":"https:\/\/qualybabyloja.com.br\/loja\/?post_type=product&#038;p=7342"},"modified":"2025-11-12T14:29:29","modified_gmt":"2025-11-12T14:29:29","slug":"bebe-conforto-maxi-cosi-prezi-usado-ja-higienizado","status":"publish","type":"product","link":"https:\/\/qualybabyloja.com.br\/loja\/?product=bebe-conforto-maxi-cosi-prezi-usado-ja-higienizado","title":{"rendered":"Beb\u00ea Conforto Maxi Cosi Prezi Usado ( J\u00e1 Higienizado )"},"content":{"rendered":"","protected":false},"excerpt":{"rendered":"<p>O assento de carro infantil Maxi-Cosi\u00ae Prezi \u2122 combina duas tecnologias que fornecem prote\u00e7\u00e3o contra<\/p>\n<p>impactos laterais superior para o bebe desde o nascimento at\u00e9 13kg. Possue G Cell Technology \u2122, uma<\/p>\n<p>tecnologia de espuma patenteada avan\u00e7ada com formas hexagonais. Air Protect\u00ae prote\u00e7\u00e3o de impacto lateral \u00e9<\/p>\n<p>projetado para proteger onde ela \u00e9 mais necess\u00e1ria em torno da cabe\u00e7a, reduzindo imediatamente as for\u00e7as de<\/p>\n<p>impacto, atrav\u00e9s da liberta\u00e7\u00e3o precisa de ar. Juntas, essas tecnologias oferecem prote\u00e7\u00e3o contra impactos<\/p>\n<p>laterais superiores para as crian\u00e7as em caso de acidente. O assento de carro infantil Maxi-Cosi\u00ae Prezi \u2122 n\u00e3o<\/p>\n<p>apenas fornece ao seu pequeno seguran\u00e7a mas a voc\u00ea tranquilidade de poder viajar com estilo, conforto e com<\/p>\n<p>facilidade. O Prezi possui uma capota de sol em estilo europeu, al\u00e7a de pai ergon\u00f4mico, encosto de cabe\u00e7a<\/p>\n<p>facilmente ajust\u00e1vel, e um assento profundo que oferece espa\u00e7o extra para as pernas. Possue 5 posi\u00e7\u00f5es no<\/p>\n<p>encosto de cabe\u00e7a ajust\u00e1vel, Base ajust\u00e1vel de 5 posi\u00e7\u00f5es<\/p>\n<p>O assento de carro infantil Maxi-Cosi\u00ae Prezi \u2122 combina duas tecnologias que fornecem prote\u00e7\u00e3o contra<\/p>\n<p>impactos laterais superior para o bebe desde o nascimento at\u00e9 13kg. Possue G Cell Technology \u2122, uma<\/p>\n<p>tecnologia de espuma patenteada avan\u00e7ada com formas hexagonais. Air Protect\u00ae prote\u00e7\u00e3o de impacto lateral \u00e9<\/p>\n<p>projetado para proteger onde ela \u00e9 mais necess\u00e1ria em torno da cabe\u00e7a, reduzindo imediatamente as for\u00e7as de<\/p>\n<p>impacto, atrav\u00e9s da liberta\u00e7\u00e3o precisa de ar. Juntas, essas tecnologias oferecem prote\u00e7\u00e3o contra impactos<\/p>\n<p>laterais superiores para as crian\u00e7as em caso de acidente. O assento de carro infantil Maxi-Cosi\u00ae Prezi \u2122 n\u00e3o<\/p>\n<p>apenas fornece ao seu pequeno seguran\u00e7a mas a voc\u00ea tranquilidade de poder viajar com estilo, conforto e com<\/p>\n<p>facilidade. O Prezi possui uma capota de sol em estilo europeu, al\u00e7a de pai ergon\u00f4mico, encosto de cabe\u00e7a<\/p>\n<p>facilmente ajust\u00e1vel, e um assento profundo que oferece espa\u00e7o extra para as pernas. Possue 5 posi\u00e7\u00f5es no<\/p>\n<p>encosto de cabe\u00e7a ajust\u00e1vel, Base ajust\u00e1vel de 5 posi\u00e7\u00f5es<\/p>\n","protected":false},"featured_media":7418,"comment_status":"open","ping_status":"closed","template":"","meta":{"site-sidebar-layout":"default","site-content-layout":"","ast-site-content-layout":"default","site-content-style":"default","site-sidebar-style":"default","ast-global-header-display":"","ast-banner-title-visibility":"","ast-main-header-display":"","ast-hfb-above-header-display":"","ast-hfb-below-header-display":"","ast-hfb-mobile-header-display":"","site-post-title":"","ast-breadcrumbs-content":"","ast-featured-img":"","footer-sml-layout":"","theme-transparent-header-meta":"","adv-header-id-meta":"","stick-header-meta":"","header-above-stick-meta":"","header-main-stick-meta":"","header-below-stick-meta":"","astra-migrate-meta-layouts":"default","ast-page-background-enabled":"default","ast-page-background-meta":{"desktop":{"background-color":"","background-image":"","background-repeat":"repeat","background-position":"center center","background-size":"auto","background-attachment":"scroll","background-type":"","background-media":"","overlay-type":"","overlay-color":"","overlay-opacity":"","overlay-gradient":""},"tablet":{"background-color":"","background-image":"","background-repeat":"repeat","background-position":"center center","background-size":"auto","background-attachment":"scroll","background-type":"","background-media":"","overlay-type":"","overlay-color":"","overlay-opacity":"","overlay-gradient":""},"mobile":{"background-color":"","background-image":"","background-repeat":"repeat","background-position":"center center","background-size":"auto","background-attachment":"scroll","background-type":"","background-media":"","overlay-type":"","overlay-color":"","overlay-opacity":"","overlay-gradient":""}},"ast-content-background-meta":{"desktop":{"background-color":"var(--ast-global-color-5)","background-image":"","background-repeat":"repeat","background-position":"center center","background-size":"auto","background-attachment":"scroll","background-type":"","background-media":"","overlay-type":"","overlay-color":"","overlay-opacity":"","overlay-gradient":""},"tablet":{"background-color":"var(--ast-global-color-5)","background-image":"","background-repeat":"repeat","background-position":"center center","background-size":"auto","background-attachment":"scroll","background-type":"","background-media":"","overlay-type":"","overlay-color":"","overlay-opacity":"","overlay-gradient":""},"mobile":{"background-color":"var(--ast-global-color-5)","background-image":"","background-repeat":"repeat","background-position":"center center","background-size":"auto","background-attachment":"scroll","background-type":"","background-media":"","overlay-type":"","overlay-color":"","overlay-opacity":"","overlay-gradient":""}}},"product_brand":[],"product_cat":[86],"product_tag":[1219,1220,717,593],"class_list":{"0":"post-7342","1":"product","2":"type-product","3":"status-publish","4":"has-post-thumbnail","6":"product_cat-desapego","7":"product_tag-13kg","8":"product_tag-airbag","9":"product_tag-bebeconforto","10":"product_tag-maxicosi","11":"desktop-align-left","12":"tablet-align-left","13":"mobile-align-left","15":"first","16":"outofstock","17":"sale","18":"shipping-taxable","19":"purchasable","20":"product-type-simple"},"_links":{"self":[{"href":"https:\/\/qualybabyloja.com.br\/loja\/index.php?rest_route=\/wp\/v2\/product\/7342","targetHints":{"allow":["GET"]}}],"collection":[{"href":"https:\/\/qualybabyloja.com.br\/loja\/index.php?rest_route=\/wp\/v2\/product"}],"about":[{"href":"https:\/\/qualybabyloja.com.br\/loja\/index.php?rest_route=\/wp\/v2\/types\/product"}],"replies":[{"embeddable":true,"href":"https:\/\/qualybabyloja.com.br\/loja\/index.php?rest_route=%2Fwp%2Fv2%2Fcomments&post=7342"}],"version-history":[{"count":1,"href":"https:\/\/qualybabyloja.com.br\/loja\/index.php?rest_route=\/wp\/v2\/product\/7342\/revisions"}],"predecessor-version":[{"id":7419,"href":"https:\/\/qualybabyloja.com.br\/loja\/index.php?rest_route=\/wp\/v2\/product\/7342\/revisions\/7419"}],"wp:featuredmedia":[{"embeddable":true,"href":"https:\/\/qualybabyloja.com.br\/loja\/index.php?rest_route=\/wp\/v2\/media\/7418"}],"wp:attachment":[{"href":"https:\/\/qualybabyloja.com.br\/loja\/index.php?rest_route=%2Fwp%2Fv2%2Fmedia&parent=7342"}],"wp:term":[{"taxonomy":"product_brand","embeddable":true,"href":"https:\/\/qualybabyloja.com.br\/loja\/index.php?rest_route=%2Fwp%2Fv2%2Fproduct_brand&post=7342"},{"taxonomy":"product_cat","embeddable":true,"href":"https:\/\/qualybabyloja.com.br\/loja\/index.php?rest_route=%2Fwp%2Fv2%2Fproduct_cat&post=7342"},{"taxonomy":"product_tag","embeddable":true,"href":"https:\/\/qualybabyloja.com.br\/loja\/index.php?rest_route=%2Fwp%2Fv2%2Fproduct_tag&post=7342"}],"curies":[{"name":"wp","href":"https:\/\/api.w.org\/{rel}","templated":true}]}}