{"id":7230,"date":"2025-11-12T14:27:11","date_gmt":"2025-11-12T14:27:11","guid":{"rendered":"https:\/\/qualybabyloja.com.br\/loja\/?post_type=product&#038;p=7230"},"modified":"2025-11-12T14:28:22","modified_gmt":"2025-11-12T14:28:22","slug":"bebe-conforto-abc-design-risus-style-street","status":"publish","type":"product","link":"https:\/\/qualybabyloja.com.br\/loja\/?product=bebe-conforto-abc-design-risus-style-street","title":{"rendered":"Beb\u00ea Conforto ABC Design Risus Style Street"},"content":{"rendered":"<p>Com o Beb\u00ea Conforto ABC Design Risus 0 at\u00e9 13kg &#8211; Piano seu beb\u00ea poder\u00e1 viajar em seguran\u00e7a para qualquer lugar. Simples e de f\u00e1cil instala\u00e7\u00e3o, este produto \u00e9 totalmente aprovado pelo INMETRO e normas internacionais, respeitando os maiores padr\u00f5es de seguran\u00e7a do mundo.<\/p>\n<p>Caracter\u00edsticas Principais<br \/>\nBeb\u00ea Conforto com capota solar remov\u00edvel e tecido tecnol\u00f3gico desenvolvido na Austr\u00e1lia com prote\u00e7\u00e3o solar.<br \/>\nDimens\u00f5es do Produto: Altura: 47cm | Comprimento: 69cm | Largura: 56cm<br \/>\nPeso do Produto: 3,5kg<br \/>\nPeso Suportado: 0 at\u00e9 13kg.<br \/>\nTotalmente aprovado pelas normas brasileiras e com selo do INMETRO, al\u00e9m da aprova\u00e7\u00e3o pelas normas europeias de seguran\u00e7a ECE 44\/04.<br \/>\nEste beb\u00ea conforto pode ser adaptado aos carrinhos 3TEC, SALSA 3, SALSA 4, CONDOR 4, MINT, AVITO, COMO4 e ZOOM com a utiliza\u00e7\u00e3o do adaptador.<br \/>\nMarca: ABC Design<br \/>\nAdaptador vendido separadamente<\/p>\n<p>Tecnologia<br \/>\nTecido com prote\u00e7\u00e3o UV: Tecido desenvolvido para pa\u00edses tropicais com a uni\u00e3o do algod\u00e3o com poli\u00e9ster, permitindo a respira\u00e7\u00e3o da pele do beb\u00ea. O fator de prote\u00e7\u00e3o solar 50+ e a resist\u00eancia \u00e0 \u00e1gua o torna ideal para passeios ao ar livre.<\/p>\n","protected":false},"excerpt":{"rendered":"<p>108532<\/p>\n","protected":false},"featured_media":7326,"comment_status":"open","ping_status":"closed","template":"","meta":{"site-sidebar-layout":"default","site-content-layout":"","ast-site-content-layout":"default","site-content-style":"default","site-sidebar-style":"default","ast-global-header-display":"","ast-banner-title-visibility":"","ast-main-header-display":"","ast-hfb-above-header-display":"","ast-hfb-below-header-display":"","ast-hfb-mobile-header-display":"","site-post-title":"","ast-breadcrumbs-content":"","ast-featured-img":"","footer-sml-layout":"","theme-transparent-header-meta":"","adv-header-id-meta":"","stick-header-meta":"","header-above-stick-meta":"","header-main-stick-meta":"","header-below-stick-meta":"","astra-migrate-meta-layouts":"default","ast-page-background-enabled":"default","ast-page-background-meta":{"desktop":{"background-color":"","background-image":"","background-repeat":"repeat","background-position":"center center","background-size":"auto","background-attachment":"scroll","background-type":"","background-media":"","overlay-type":"","overlay-color":"","overlay-opacity":"","overlay-gradient":""},"tablet":{"background-color":"","background-image":"","background-repeat":"repeat","background-position":"center center","background-size":"auto","background-attachment":"scroll","background-type":"","background-media":"","overlay-type":"","overlay-color":"","overlay-opacity":"","overlay-gradient":""},"mobile":{"background-color":"","background-image":"","background-repeat":"repeat","background-position":"center center","background-size":"auto","background-attachment":"scroll","background-type":"","background-media":"","overlay-type":"","overlay-color":"","overlay-opacity":"","overlay-gradient":""}},"ast-content-background-meta":{"desktop":{"background-color":"var(--ast-global-color-5)","background-image":"","background-repeat":"repeat","background-position":"center center","background-size":"auto","background-attachment":"scroll","background-type":"","background-media":"","overlay-type":"","overlay-color":"","overlay-opacity":"","overlay-gradient":""},"tablet":{"background-color":"var(--ast-global-color-5)","background-image":"","background-repeat":"repeat","background-position":"center center","background-size":"auto","background-attachment":"scroll","background-type":"","background-media":"","overlay-type":"","overlay-color":"","overlay-opacity":"","overlay-gradient":""},"mobile":{"background-color":"var(--ast-global-color-5)","background-image":"","background-repeat":"repeat","background-position":"center center","background-size":"auto","background-attachment":"scroll","background-type":"","background-media":"","overlay-type":"","overlay-color":"","overlay-opacity":"","overlay-gradient":""}}},"product_brand":[],"product_cat":[86],"product_tag":[717,1208,1209,680,658],"class_list":{"0":"post-7230","1":"product","2":"type-product","3":"status-publish","4":"has-post-thumbnail","6":"product_cat-desapego","7":"product_tag-bebeconforto","8":"product_tag-bebeconfortorisus","9":"product_tag-segurancaparaobebe","10":"product_tag-abcdesign","11":"product_tag-desapego","12":"desktop-align-left","13":"tablet-align-left","14":"mobile-align-left","16":"first","17":"outofstock","18":"shipping-taxable","19":"purchasable","20":"product-type-simple"},"_links":{"self":[{"href":"https:\/\/qualybabyloja.com.br\/loja\/index.php?rest_route=\/wp\/v2\/product\/7230","targetHints":{"allow":["GET"]}}],"collection":[{"href":"https:\/\/qualybabyloja.com.br\/loja\/index.php?rest_route=\/wp\/v2\/product"}],"about":[{"href":"https:\/\/qualybabyloja.com.br\/loja\/index.php?rest_route=\/wp\/v2\/types\/product"}],"replies":[{"embeddable":true,"href":"https:\/\/qualybabyloja.com.br\/loja\/index.php?rest_route=%2Fwp%2Fv2%2Fcomments&post=7230"}],"version-history":[{"count":1,"href":"https:\/\/qualybabyloja.com.br\/loja\/index.php?rest_route=\/wp\/v2\/product\/7230\/revisions"}],"predecessor-version":[{"id":7327,"href":"https:\/\/qualybabyloja.com.br\/loja\/index.php?rest_route=\/wp\/v2\/product\/7230\/revisions\/7327"}],"wp:featuredmedia":[{"embeddable":true,"href":"https:\/\/qualybabyloja.com.br\/loja\/index.php?rest_route=\/wp\/v2\/media\/7326"}],"wp:attachment":[{"href":"https:\/\/qualybabyloja.com.br\/loja\/index.php?rest_route=%2Fwp%2Fv2%2Fmedia&parent=7230"}],"wp:term":[{"taxonomy":"product_brand","embeddable":true,"href":"https:\/\/qualybabyloja.com.br\/loja\/index.php?rest_route=%2Fwp%2Fv2%2Fproduct_brand&post=7230"},{"taxonomy":"product_cat","embeddable":true,"href":"https:\/\/qualybabyloja.com.br\/loja\/index.php?rest_route=%2Fwp%2Fv2%2Fproduct_cat&post=7230"},{"taxonomy":"product_tag","embeddable":true,"href":"https:\/\/qualybabyloja.com.br\/loja\/index.php?rest_route=%2Fwp%2Fv2%2Fproduct_tag&post=7230"}],"curies":[{"name":"wp","href":"https:\/\/api.w.org\/{rel}","templated":true}]}}