{"id":5589,"date":"2025-11-12T13:58:18","date_gmt":"2025-11-12T13:58:18","guid":{"rendered":"https:\/\/qualybabyloja.com.br\/loja\/?post_type=product&#038;p=5589"},"modified":"2025-11-12T14:02:02","modified_gmt":"2025-11-12T14:02:02","slug":"carrinho-baby-jogger-city-tour","status":"publish","type":"product","link":"https:\/\/qualybabyloja.com.br\/loja\/?product=carrinho-baby-jogger-city-tour","title":{"rendered":"Carrinho Baby Jogger City Tour"},"content":{"rendered":"<p>o carrinho inclui v\u00e1rias posi\u00e7\u00f5es de reclina\u00e7\u00e3o,\u00a0 capota UV 50+ e um assento acolchoado confort\u00e1vel com profundidade adicional.<\/p>\n<p>&#8211; O assento mant\u00e9m o beb\u00ea confort\u00e1vel enquanto voc\u00ea caminha.<\/p>\n<p>&#8211; Dobre,\u00a0trave e v\u00e1:\u00a0sendo poss\u00edvel dobrar com uma \u00fanica m\u00e3o, o bloqueio autom\u00e1tico tornam mais f\u00e1cil o uso do carrinho!<\/p>\n<p>&#8211; O carrinho ultracompacto dobra-se at\u00e9 19&#8243; de largura, 7&#8243; de profundidade e 23 &#8220;de altura para ser embalado junto com sua bagagem.\u00a0(\u2245\u00a048,2 cent\u00edmetros de largura,\u00a017,7\u00a0cent\u00edmetros\u00a0de profundidade e\u00a058,4\u00a0cent\u00edmetros\u00a0de altura)<\/p>\n<p>&#8211; Pneus leves e dur\u00e1veis \u200b compostos de borracha<\/p>\n<p>&#8211; Rodas girat\u00f3rias dianteiras com travamento e suspens\u00e3o proporcionam um trajeto suave e \u00e1gil.<\/p>\n<p>&#8211; Mantenha o beb\u00ea\u00a0na sombra\u00a0usando a capota de UV 50+,\u00a0a janela peekaboo permite que voc\u00ea fique de olho no beb\u00ea enquanto caminha.<\/p>\n","protected":false},"excerpt":{"rendered":"<p>o carrinho inclui v\u00e1rias posi\u00e7\u00f5es de reclina\u00e7\u00e3o,\u00a0 capota UV 50+ e um assento acolchoado confort\u00e1vel com profundidade adicional. &#8211; O assento mant\u00e9m o beb\u00ea confort\u00e1vel enquanto voc\u00ea caminha. &#8211; Dobre,\u00a0trave e v\u00e1:\u00a0sendo poss\u00edvel dobrar com uma \u00fanica m\u00e3o, o bloqueio autom\u00e1tico tornam mais f\u00e1cil o uso do carrinho! &#8211; O carrinho ultracompacto dobra-se at\u00e9 19&#8243; [&hellip;]<\/p>\n","protected":false},"featured_media":5711,"comment_status":"open","ping_status":"closed","template":"","meta":{"site-sidebar-layout":"default","site-content-layout":"","ast-site-content-layout":"default","site-content-style":"default","site-sidebar-style":"default","ast-global-header-display":"","ast-banner-title-visibility":"","ast-main-header-display":"","ast-hfb-above-header-display":"","ast-hfb-below-header-display":"","ast-hfb-mobile-header-display":"","site-post-title":"","ast-breadcrumbs-content":"","ast-featured-img":"","footer-sml-layout":"","theme-transparent-header-meta":"","adv-header-id-meta":"","stick-header-meta":"","header-above-stick-meta":"","header-main-stick-meta":"","header-below-stick-meta":"","astra-migrate-meta-layouts":"default","ast-page-background-enabled":"default","ast-page-background-meta":{"desktop":{"background-color":"","background-image":"","background-repeat":"repeat","background-position":"center center","background-size":"auto","background-attachment":"scroll","background-type":"","background-media":"","overlay-type":"","overlay-color":"","overlay-opacity":"","overlay-gradient":""},"tablet":{"background-color":"","background-image":"","background-repeat":"repeat","background-position":"center center","background-size":"auto","background-attachment":"scroll","background-type":"","background-media":"","overlay-type":"","overlay-color":"","overlay-opacity":"","overlay-gradient":""},"mobile":{"background-color":"","background-image":"","background-repeat":"repeat","background-position":"center center","background-size":"auto","background-attachment":"scroll","background-type":"","background-media":"","overlay-type":"","overlay-color":"","overlay-opacity":"","overlay-gradient":""}},"ast-content-background-meta":{"desktop":{"background-color":"var(--ast-global-color-5)","background-image":"","background-repeat":"repeat","background-position":"center center","background-size":"auto","background-attachment":"scroll","background-type":"","background-media":"","overlay-type":"","overlay-color":"","overlay-opacity":"","overlay-gradient":""},"tablet":{"background-color":"var(--ast-global-color-5)","background-image":"","background-repeat":"repeat","background-position":"center center","background-size":"auto","background-attachment":"scroll","background-type":"","background-media":"","overlay-type":"","overlay-color":"","overlay-opacity":"","overlay-gradient":""},"mobile":{"background-color":"var(--ast-global-color-5)","background-image":"","background-repeat":"repeat","background-position":"center center","background-size":"auto","background-attachment":"scroll","background-type":"","background-media":"","overlay-type":"","overlay-color":"","overlay-opacity":"","overlay-gradient":""}}},"product_brand":[],"product_cat":[86],"product_tag":[734,735],"class_list":{"0":"post-5589","1":"product","2":"type-product","3":"status-publish","4":"has-post-thumbnail","6":"product_cat-desapego","7":"product_tag-carrinhobabyjogger","8":"product_tag-carrinhoparabebe","9":"desktop-align-left","10":"tablet-align-left","11":"mobile-align-left","13":"first","14":"outofstock","15":"shipping-taxable","16":"purchasable","17":"product-type-simple"},"_links":{"self":[{"href":"https:\/\/qualybabyloja.com.br\/loja\/index.php?rest_route=\/wp\/v2\/product\/5589","targetHints":{"allow":["GET"]}}],"collection":[{"href":"https:\/\/qualybabyloja.com.br\/loja\/index.php?rest_route=\/wp\/v2\/product"}],"about":[{"href":"https:\/\/qualybabyloja.com.br\/loja\/index.php?rest_route=\/wp\/v2\/types\/product"}],"replies":[{"embeddable":true,"href":"https:\/\/qualybabyloja.com.br\/loja\/index.php?rest_route=%2Fwp%2Fv2%2Fcomments&post=5589"}],"version-history":[{"count":1,"href":"https:\/\/qualybabyloja.com.br\/loja\/index.php?rest_route=\/wp\/v2\/product\/5589\/revisions"}],"predecessor-version":[{"id":5712,"href":"https:\/\/qualybabyloja.com.br\/loja\/index.php?rest_route=\/wp\/v2\/product\/5589\/revisions\/5712"}],"wp:featuredmedia":[{"embeddable":true,"href":"https:\/\/qualybabyloja.com.br\/loja\/index.php?rest_route=\/wp\/v2\/media\/5711"}],"wp:attachment":[{"href":"https:\/\/qualybabyloja.com.br\/loja\/index.php?rest_route=%2Fwp%2Fv2%2Fmedia&parent=5589"}],"wp:term":[{"taxonomy":"product_brand","embeddable":true,"href":"https:\/\/qualybabyloja.com.br\/loja\/index.php?rest_route=%2Fwp%2Fv2%2Fproduct_brand&post=5589"},{"taxonomy":"product_cat","embeddable":true,"href":"https:\/\/qualybabyloja.com.br\/loja\/index.php?rest_route=%2Fwp%2Fv2%2Fproduct_cat&post=5589"},{"taxonomy":"product_tag","embeddable":true,"href":"https:\/\/qualybabyloja.com.br\/loja\/index.php?rest_route=%2Fwp%2Fv2%2Fproduct_tag&post=5589"}],"curies":[{"name":"wp","href":"https:\/\/api.w.org\/{rel}","templated":true}]}}