{"id":5531,"date":"2025-11-12T13:56:32","date_gmt":"2025-11-12T13:56:32","guid":{"rendered":"https:\/\/qualybabyloja.com.br\/loja\/?post_type=product&#038;p=5531"},"modified":"2025-11-12T14:00:52","modified_gmt":"2025-11-12T14:00:52","slug":"carrinho-de-bebe-abc-design-ping-asphalt","status":"publish","type":"product","link":"https:\/\/qualybabyloja.com.br\/loja\/?product=carrinho-de-bebe-abc-design-ping-asphalt","title":{"rendered":"Carrinho De Beb\u00ea Abc Design Ping &#8211; Asphalt"},"content":{"rendered":"<div class=\"elementor-element elementor-element-3dd2e54 elementor-widget elementor-widget-heading\" data-id=\"3dd2e54\" data-element_type=\"widget\" data-widget_type=\"heading.default\">\n<div class=\"elementor-widget-container\">\n<h2 class=\"elementor-heading-title elementor-size-default\">Sobre o produto:<\/h2>\n<\/div>\n<\/div>\n<div class=\"elementor-element elementor-element-9c164e1 elementor-widget elementor-widget-woocommerce-product-content\" data-id=\"9c164e1\" data-element_type=\"widget\" data-widget_type=\"woocommerce-product-content.default\">\n<div class=\"elementor-widget-container\">\n<p><strong>CARACTER\u00cdSTICAS DO PRODUTO<\/strong><\/p>\n<div class=\"rah-static rah-static--height-auto\" aria-hidden=\"false\">\n<div class=\"_1yvxJ fggS- cell\">\n<div class=\"WncCi\" data-hook=\"info-section-description\">\n<ul>\n<li>Produto Alem\u00e3o;<\/li>\n<li>Linha Diamond;<\/li>\n<li>Pode ser levado na maioria dos bagageiros de Avi\u00e3o;<\/li>\n<li>Carrinhos paras Beb\u00eas desde rec\u00e9m-nascido at\u00e9 3 anos;<\/li>\n<li>Suporta at\u00e9 22kg conforme normas europeias;<\/li>\n<li>Capota Estendida;<\/li>\n<li>Fator de prote\u00e7\u00e3o solar UV50+ na capota;<\/li>\n<li>Resistente a \u00e1gua;<\/li>\n<li>Tecido Poli\u00e9ster;<\/li>\n<li>Estrutura 100% Alum\u00ednio;<\/li>\n<li>Rodas Dianteiras e Traseiras remov\u00edveis;<\/li>\n<li>Cesto de Objetos;<\/li>\n<li>Assento com v\u00e1rios tipos de Inclina\u00e7\u00e3o;<\/li>\n<li>Cinto de seguran\u00e7a 5 pontos com protetores;<\/li>\n<li>Barra de prote\u00e7\u00e3o adicional;<\/li>\n<li>F\u00e1cil fechamento;<\/li>\n<li>Registro INMETRO n\u00b0 OCAN009706\/2019<\/li>\n<\/ul>\n<\/div>\n<\/div>\n<\/div>\n<\/div>\n<\/div>\n","protected":false},"excerpt":{"rendered":"<p><strong>DESCRI\u00c7\u00c3O DETALHADA DO PRODUTO:<\/strong><\/p>\n<p>O carrinho Ping da ABC Design possui toda a praticidade e conforto que voc\u00ea procura para seu cotidiano e para seu beb\u00ea. Imagine seus dias corridos, seus passeios, ou at\u00e9 mesmo aquela t\u00e3o sonhada viagem de avi\u00e3o\u2026<\/p>\n<p>Com esse carrinho tudo isso se torna poss\u00edvel e voc\u00ea ainda garante a eleg\u00e2ncia, qualidade, seguran\u00e7a e conforto para seu baby.<\/p>\n<p>Ping Diamond \u00e9 uma edi\u00e7\u00e3o especial que conta com acabamentos \u00fanicos e especiais, combinando sofistica\u00e7\u00e3o com muita qualidade.<\/p>\n<p>A Pintura eletrost\u00e1tica da estrutura do Ping nesta vers\u00e3o\u00a0<strong>CROMADA<\/strong>\u00a0\u00e9 um dos principais diferenciais da linha Diamond. Conta com detalhes da roda esportivo e as manoplas em acabamento especial no matelass\u00ea todo costurado a m\u00e3o.<\/p>\n<p>Com fechamento pode ser realizado somente com uma m\u00e3o, o Ping possui uma al\u00e7a tiracolo que permite que ele seja carregado como uma verdadeira malinha.<\/p>\n<p>Com medidas ultracompactas que correspondem com as da mala de m\u00e3o, pode ser levado at\u00e9 mesmo no bagageiro do avi\u00e3o sem necessidade de despach\u00e1-lo.<\/p>\n<p>Com estrutura em 100% alum\u00ednio, o Ping \u00e9 um carrinho extremamente leve pesando apenas 7 kg.<\/p>\n<p>Devido a inclina\u00e7\u00e3o de assento ajust\u00e1vel, com a op\u00e7\u00e3o de deitar-se completamente, o carrinho \u00e9 recomendado e aprovado pelas normas Brasileiras e Europeias para crian\u00e7as desde rec\u00e9m-nascido at\u00e9 3 anos ou 22kg conforme as normas europeias.<\/p>\n<p>Possui cinto de seguran\u00e7a de 5 pontas com ajuste e prote\u00e7\u00e3o peitoral e apoio flex\u00edvel para os p\u00e9s.<\/p>\n<p>As rodas possuem um design moderno e todas as manoplas incluem acabamento especial costurado a m\u00e3o.<\/p>\n<p>Um perfeito companheiro das viagens, o Ping ainda conta com rodas dianteiras girat\u00f3rias 360\u00b0 e que podem ser travadas em uma \u00fanica dire\u00e7\u00e3o para terrenos mais acidentados.<\/p>\n<p>A capota do carrinho \u00e9 resistente a \u00e1gua, possui fator prote\u00e7\u00e3o solar 50+, que protege a pele sens\u00edvel do bebe dos raios nocivos do sol, e pode ser estendida para melhor cobertura de sombra.<\/p>\n<p>Produto n\u00e3o acopla beb\u00ea conforto, e moises.<\/p>\n<p>O Ping \u00e9 duplamente certificado pelas normas brasileiras (Inmetro) e Europeias<\/p>\n<p>&nbsp;<\/p>\n<p><strong>Informa\u00e7\u00f5es Adicionais:\u00a0<\/strong><\/p>\n<p>Dimens\u00f5es do carrinho Fechado CxLxA: 54\u00d743,5\u00d725<\/p>\n<p>Dimens\u00f5es do carrinho Aberto CxLxA: 52cm x 46cm x 27cm<\/p>\n<p><strong>Dimens\u00f5es do Assento: \u00a0\u00a0<\/strong><\/p>\n<p>Comprimento Encosto Total : 78,5cm<\/p>\n<p>Comprimento Encosto: 45,5cm<\/p>\n<p>Comprimento Assento: 33cm<\/p>\n<p>Largura do encosto: 33cm<\/p>\n<p><strong>Dimens\u00f5es das Rodas: \u00a0\u00a0<\/strong><\/p>\n<p>Dianteira : 13cm<\/p>\n<p>Traseira: 14,5cm<\/p>\n<p>Peso do carrinho: 7kg<\/p>\n","protected":false},"featured_media":5659,"comment_status":"open","ping_status":"closed","template":"","meta":{"site-sidebar-layout":"default","site-content-layout":"","ast-site-content-layout":"default","site-content-style":"default","site-sidebar-style":"default","ast-global-header-display":"","ast-banner-title-visibility":"","ast-main-header-display":"","ast-hfb-above-header-display":"","ast-hfb-below-header-display":"","ast-hfb-mobile-header-display":"","site-post-title":"","ast-breadcrumbs-content":"","ast-featured-img":"","footer-sml-layout":"","theme-transparent-header-meta":"","adv-header-id-meta":"","stick-header-meta":"","header-above-stick-meta":"","header-main-stick-meta":"","header-below-stick-meta":"","astra-migrate-meta-layouts":"default","ast-page-background-enabled":"default","ast-page-background-meta":{"desktop":{"background-color":"","background-image":"","background-repeat":"repeat","background-position":"center center","background-size":"auto","background-attachment":"scroll","background-type":"","background-media":"","overlay-type":"","overlay-color":"","overlay-opacity":"","overlay-gradient":""},"tablet":{"background-color":"","background-image":"","background-repeat":"repeat","background-position":"center center","background-size":"auto","background-attachment":"scroll","background-type":"","background-media":"","overlay-type":"","overlay-color":"","overlay-opacity":"","overlay-gradient":""},"mobile":{"background-color":"","background-image":"","background-repeat":"repeat","background-position":"center center","background-size":"auto","background-attachment":"scroll","background-type":"","background-media":"","overlay-type":"","overlay-color":"","overlay-opacity":"","overlay-gradient":""}},"ast-content-background-meta":{"desktop":{"background-color":"var(--ast-global-color-5)","background-image":"","background-repeat":"repeat","background-position":"center center","background-size":"auto","background-attachment":"scroll","background-type":"","background-media":"","overlay-type":"","overlay-color":"","overlay-opacity":"","overlay-gradient":""},"tablet":{"background-color":"var(--ast-global-color-5)","background-image":"","background-repeat":"repeat","background-position":"center center","background-size":"auto","background-attachment":"scroll","background-type":"","background-media":"","overlay-type":"","overlay-color":"","overlay-opacity":"","overlay-gradient":""},"mobile":{"background-color":"var(--ast-global-color-5)","background-image":"","background-repeat":"repeat","background-position":"center center","background-size":"auto","background-attachment":"scroll","background-type":"","background-media":"","overlay-type":"","overlay-color":"","overlay-opacity":"","overlay-gradient":""}}},"product_brand":[],"product_cat":[86],"product_tag":[],"class_list":{"0":"post-5531","1":"product","2":"type-product","3":"status-publish","4":"has-post-thumbnail","6":"product_cat-desapego","7":"desktop-align-left","8":"tablet-align-left","9":"mobile-align-left","11":"first","12":"outofstock","13":"shipping-taxable","14":"purchasable","15":"product-type-simple"},"_links":{"self":[{"href":"https:\/\/qualybabyloja.com.br\/loja\/index.php?rest_route=\/wp\/v2\/product\/5531","targetHints":{"allow":["GET"]}}],"collection":[{"href":"https:\/\/qualybabyloja.com.br\/loja\/index.php?rest_route=\/wp\/v2\/product"}],"about":[{"href":"https:\/\/qualybabyloja.com.br\/loja\/index.php?rest_route=\/wp\/v2\/types\/product"}],"replies":[{"embeddable":true,"href":"https:\/\/qualybabyloja.com.br\/loja\/index.php?rest_route=%2Fwp%2Fv2%2Fcomments&post=5531"}],"version-history":[{"count":1,"href":"https:\/\/qualybabyloja.com.br\/loja\/index.php?rest_route=\/wp\/v2\/product\/5531\/revisions"}],"predecessor-version":[{"id":5660,"href":"https:\/\/qualybabyloja.com.br\/loja\/index.php?rest_route=\/wp\/v2\/product\/5531\/revisions\/5660"}],"wp:featuredmedia":[{"embeddable":true,"href":"https:\/\/qualybabyloja.com.br\/loja\/index.php?rest_route=\/wp\/v2\/media\/5659"}],"wp:attachment":[{"href":"https:\/\/qualybabyloja.com.br\/loja\/index.php?rest_route=%2Fwp%2Fv2%2Fmedia&parent=5531"}],"wp:term":[{"taxonomy":"product_brand","embeddable":true,"href":"https:\/\/qualybabyloja.com.br\/loja\/index.php?rest_route=%2Fwp%2Fv2%2Fproduct_brand&post=5531"},{"taxonomy":"product_cat","embeddable":true,"href":"https:\/\/qualybabyloja.com.br\/loja\/index.php?rest_route=%2Fwp%2Fv2%2Fproduct_cat&post=5531"},{"taxonomy":"product_tag","embeddable":true,"href":"https:\/\/qualybabyloja.com.br\/loja\/index.php?rest_route=%2Fwp%2Fv2%2Fproduct_tag&post=5531"}],"curies":[{"name":"wp","href":"https:\/\/api.w.org\/{rel}","templated":true}]}}