{"id":5530,"date":"2025-11-12T13:56:31","date_gmt":"2025-11-12T13:56:31","guid":{"rendered":"https:\/\/qualybabyloja.com.br\/loja\/?post_type=product&#038;p=5530"},"modified":"2025-11-12T14:00:44","modified_gmt":"2025-11-12T14:00:44","slug":"cadeira-automotiva-maxi-cosi-titan-nomad-black","status":"publish","type":"product","link":"https:\/\/qualybabyloja.com.br\/loja\/?product=cadeira-automotiva-maxi-cosi-titan-nomad-black","title":{"rendered":"Cadeira Automotiva Maxi Cosi Titan Nomad Black"},"content":{"rendered":"","protected":false},"excerpt":{"rendered":"<p>Conforto, seguran\u00e7a e melhor custo benef\u00edcio: esta \u00e9 a Titan Maxi-Cosi! Uma cadeirinha que acompanha seu filho at\u00e9 os 12 anos de idade. Titan possui 2 tipos de instala\u00e7\u00e3o: com sistema ISOFIX ou pelo cinto e seguran\u00e7a de 3 pontos do autom\u00f3vel. \u00c9 reclin\u00e1vel em 5 posi\u00e7\u00f5es, com ajuste simultneo de apoio de cabe\u00e7a e cinto. A Cadeirinha Titan da Maxi-Cosi oferece o que h\u00e1 de melhor em mat\u00e9ria de seguran\u00e7a para o transporte dos pequenos: a forma mais segura e moderna de instala\u00e7\u00e3o, que evita uso incorreto (tem indicadores que confirmam a instala\u00e7\u00e3o adequada). O sistema ISOFIX utiliza ganchos e o top tether (cord\u00e3o superior que ajuda a prender a cadeirinha na estrutura do carro) para maior estabilidade. \u00c9 apropriada para crian\u00e7as entre aproximadamente 9 meses (9 kg) at\u00e9 12 anos de idade (36kg), combinando grande facilidade de uso, conforto e seguran\u00e7a em um \u00fanico produto, que as acompanhar\u00e1 por longos anos. Titan \u00e9 reclin\u00e1vel em 5 posi\u00e7\u00f5es, desde a posi\u00e7\u00e3o vertical at\u00e9 o sono relaxado. Tem redutor acolchoado para os beb\u00eas menores e possui cinto de seguran\u00e7a de 5 pontos. A cadeirinha obteve excelentes resultados de testes reais de impacto mundialmente.<\/p>\n","protected":false},"featured_media":5653,"comment_status":"open","ping_status":"closed","template":"","meta":{"site-sidebar-layout":"default","site-content-layout":"","ast-site-content-layout":"default","site-content-style":"default","site-sidebar-style":"default","ast-global-header-display":"","ast-banner-title-visibility":"","ast-main-header-display":"","ast-hfb-above-header-display":"","ast-hfb-below-header-display":"","ast-hfb-mobile-header-display":"","site-post-title":"","ast-breadcrumbs-content":"","ast-featured-img":"","footer-sml-layout":"","theme-transparent-header-meta":"","adv-header-id-meta":"","stick-header-meta":"","header-above-stick-meta":"","header-main-stick-meta":"","header-below-stick-meta":"","astra-migrate-meta-layouts":"default","ast-page-background-enabled":"default","ast-page-background-meta":{"desktop":{"background-color":"","background-image":"","background-repeat":"repeat","background-position":"center center","background-size":"auto","background-attachment":"scroll","background-type":"","background-media":"","overlay-type":"","overlay-color":"","overlay-opacity":"","overlay-gradient":""},"tablet":{"background-color":"","background-image":"","background-repeat":"repeat","background-position":"center center","background-size":"auto","background-attachment":"scroll","background-type":"","background-media":"","overlay-type":"","overlay-color":"","overlay-opacity":"","overlay-gradient":""},"mobile":{"background-color":"","background-image":"","background-repeat":"repeat","background-position":"center center","background-size":"auto","background-attachment":"scroll","background-type":"","background-media":"","overlay-type":"","overlay-color":"","overlay-opacity":"","overlay-gradient":""}},"ast-content-background-meta":{"desktop":{"background-color":"var(--ast-global-color-5)","background-image":"","background-repeat":"repeat","background-position":"center center","background-size":"auto","background-attachment":"scroll","background-type":"","background-media":"","overlay-type":"","overlay-color":"","overlay-opacity":"","overlay-gradient":""},"tablet":{"background-color":"var(--ast-global-color-5)","background-image":"","background-repeat":"repeat","background-position":"center center","background-size":"auto","background-attachment":"scroll","background-type":"","background-media":"","overlay-type":"","overlay-color":"","overlay-opacity":"","overlay-gradient":""},"mobile":{"background-color":"var(--ast-global-color-5)","background-image":"","background-repeat":"repeat","background-position":"center center","background-size":"auto","background-attachment":"scroll","background-type":"","background-media":"","overlay-type":"","overlay-color":"","overlay-opacity":"","overlay-gradient":""}}},"product_brand":[],"product_cat":[86],"product_tag":[722,723,724,725,593],"class_list":{"0":"post-5530","1":"product","2":"type-product","3":"status-publish","4":"has-post-thumbnail","6":"product_cat-desapego","7":"product_tag-artigodebebe","8":"product_tag-cadeiradecarro","9":"product_tag-cadeiramaxicosi","10":"product_tag-cadeirinha","11":"product_tag-maxicosi","12":"desktop-align-left","13":"tablet-align-left","14":"mobile-align-left","16":"first","17":"outofstock","18":"shipping-taxable","19":"purchasable","20":"product-type-simple"},"_links":{"self":[{"href":"https:\/\/qualybabyloja.com.br\/loja\/index.php?rest_route=\/wp\/v2\/product\/5530","targetHints":{"allow":["GET"]}}],"collection":[{"href":"https:\/\/qualybabyloja.com.br\/loja\/index.php?rest_route=\/wp\/v2\/product"}],"about":[{"href":"https:\/\/qualybabyloja.com.br\/loja\/index.php?rest_route=\/wp\/v2\/types\/product"}],"replies":[{"embeddable":true,"href":"https:\/\/qualybabyloja.com.br\/loja\/index.php?rest_route=%2Fwp%2Fv2%2Fcomments&post=5530"}],"version-history":[{"count":1,"href":"https:\/\/qualybabyloja.com.br\/loja\/index.php?rest_route=\/wp\/v2\/product\/5530\/revisions"}],"predecessor-version":[{"id":5654,"href":"https:\/\/qualybabyloja.com.br\/loja\/index.php?rest_route=\/wp\/v2\/product\/5530\/revisions\/5654"}],"wp:featuredmedia":[{"embeddable":true,"href":"https:\/\/qualybabyloja.com.br\/loja\/index.php?rest_route=\/wp\/v2\/media\/5653"}],"wp:attachment":[{"href":"https:\/\/qualybabyloja.com.br\/loja\/index.php?rest_route=%2Fwp%2Fv2%2Fmedia&parent=5530"}],"wp:term":[{"taxonomy":"product_brand","embeddable":true,"href":"https:\/\/qualybabyloja.com.br\/loja\/index.php?rest_route=%2Fwp%2Fv2%2Fproduct_brand&post=5530"},{"taxonomy":"product_cat","embeddable":true,"href":"https:\/\/qualybabyloja.com.br\/loja\/index.php?rest_route=%2Fwp%2Fv2%2Fproduct_cat&post=5530"},{"taxonomy":"product_tag","embeddable":true,"href":"https:\/\/qualybabyloja.com.br\/loja\/index.php?rest_route=%2Fwp%2Fv2%2Fproduct_tag&post=5530"}],"curies":[{"name":"wp","href":"https:\/\/api.w.org\/{rel}","templated":true}]}}