{"id":5526,"date":"2025-11-12T13:56:30","date_gmt":"2025-11-12T13:56:30","guid":{"rendered":"https:\/\/qualybabyloja.com.br\/loja\/?post_type=product&#038;p=5526"},"modified":"2025-11-12T13:59:37","modified_gmt":"2025-11-12T13:59:37","slug":"carrinho-cosco-minny-novo-na-caixa","status":"publish","type":"product","link":"https:\/\/qualybabyloja.com.br\/loja\/?product=carrinho-cosco-minny-novo-na-caixa","title":{"rendered":"Carrinho Cosco Minny (novo na caixa)"},"content":{"rendered":"","protected":false},"excerpt":{"rendered":"<p>O Carrinho de Beb\u00ea Minny da Cosco \u00e9 o carrinho compacto que voc\u00ea sempre quis para seu pequeno! Mais pr\u00e1tico para o dia a dia, com al\u00e7a telesc\u00f3pica como uma mochila, para levar onde precisar e nunca enjoar.<\/p>\n<p>Pode ser usado desde o nascimento e continuar acompanhando o beb\u00ea em suas aventuras mesmo quando estiver maiorzinho. Confort\u00e1vel, tem assento reclin\u00e1vel em m\u00faltiplas posi\u00e7\u00f5es e fechamento simplificado com apenas uma das m\u00e3os.<\/p>\n<p>A al\u00e7a telesc\u00f3pica pode ser levantada e recolhida para levar facilmente de um lugar a outro mesmo em viagens. Leve, possui alum\u00ednio na estrutura. Conta com ajuste para o apoio dos p\u00e9s, barra frontal remov\u00edvel e ampla capota retr\u00e1til e com visor e FPS UV+, que vai oferecer a prote\u00e7\u00e3o necess\u00e1ria nos dias mais ensolarados.<\/p>\n<p>Al\u00e9m disso, possui cinto de cinco pontos com ajuste de altura e largura, rodas dianteiras girat\u00f3rias com trava de movimento, freios interligados e cesto porta-objetos com capacidade para 2 kg.<\/p>\n","protected":false},"featured_media":5633,"comment_status":"open","ping_status":"closed","template":"","meta":{"site-sidebar-layout":"default","site-content-layout":"","ast-site-content-layout":"default","site-content-style":"default","site-sidebar-style":"default","ast-global-header-display":"","ast-banner-title-visibility":"","ast-main-header-display":"","ast-hfb-above-header-display":"","ast-hfb-below-header-display":"","ast-hfb-mobile-header-display":"","site-post-title":"","ast-breadcrumbs-content":"","ast-featured-img":"","footer-sml-layout":"","theme-transparent-header-meta":"","adv-header-id-meta":"","stick-header-meta":"","header-above-stick-meta":"","header-main-stick-meta":"","header-below-stick-meta":"","astra-migrate-meta-layouts":"default","ast-page-background-enabled":"default","ast-page-background-meta":{"desktop":{"background-color":"","background-image":"","background-repeat":"repeat","background-position":"center center","background-size":"auto","background-attachment":"scroll","background-type":"","background-media":"","overlay-type":"","overlay-color":"","overlay-opacity":"","overlay-gradient":""},"tablet":{"background-color":"","background-image":"","background-repeat":"repeat","background-position":"center center","background-size":"auto","background-attachment":"scroll","background-type":"","background-media":"","overlay-type":"","overlay-color":"","overlay-opacity":"","overlay-gradient":""},"mobile":{"background-color":"","background-image":"","background-repeat":"repeat","background-position":"center center","background-size":"auto","background-attachment":"scroll","background-type":"","background-media":"","overlay-type":"","overlay-color":"","overlay-opacity":"","overlay-gradient":""}},"ast-content-background-meta":{"desktop":{"background-color":"var(--ast-global-color-5)","background-image":"","background-repeat":"repeat","background-position":"center center","background-size":"auto","background-attachment":"scroll","background-type":"","background-media":"","overlay-type":"","overlay-color":"","overlay-opacity":"","overlay-gradient":""},"tablet":{"background-color":"var(--ast-global-color-5)","background-image":"","background-repeat":"repeat","background-position":"center center","background-size":"auto","background-attachment":"scroll","background-type":"","background-media":"","overlay-type":"","overlay-color":"","overlay-opacity":"","overlay-gradient":""},"mobile":{"background-color":"var(--ast-global-color-5)","background-image":"","background-repeat":"repeat","background-position":"center center","background-size":"auto","background-attachment":"scroll","background-type":"","background-media":"","overlay-type":"","overlay-color":"","overlay-opacity":"","overlay-gradient":""}}},"product_brand":[],"product_cat":[86],"product_tag":[],"class_list":{"0":"post-5526","1":"product","2":"type-product","3":"status-publish","4":"has-post-thumbnail","6":"product_cat-desapego","7":"desktop-align-left","8":"tablet-align-left","9":"mobile-align-left","11":"first","12":"instock","13":"shipping-taxable","14":"purchasable","15":"product-type-simple"},"_links":{"self":[{"href":"https:\/\/qualybabyloja.com.br\/loja\/index.php?rest_route=\/wp\/v2\/product\/5526","targetHints":{"allow":["GET"]}}],"collection":[{"href":"https:\/\/qualybabyloja.com.br\/loja\/index.php?rest_route=\/wp\/v2\/product"}],"about":[{"href":"https:\/\/qualybabyloja.com.br\/loja\/index.php?rest_route=\/wp\/v2\/types\/product"}],"replies":[{"embeddable":true,"href":"https:\/\/qualybabyloja.com.br\/loja\/index.php?rest_route=%2Fwp%2Fv2%2Fcomments&post=5526"}],"version-history":[{"count":1,"href":"https:\/\/qualybabyloja.com.br\/loja\/index.php?rest_route=\/wp\/v2\/product\/5526\/revisions"}],"predecessor-version":[{"id":5634,"href":"https:\/\/qualybabyloja.com.br\/loja\/index.php?rest_route=\/wp\/v2\/product\/5526\/revisions\/5634"}],"wp:featuredmedia":[{"embeddable":true,"href":"https:\/\/qualybabyloja.com.br\/loja\/index.php?rest_route=\/wp\/v2\/media\/5633"}],"wp:attachment":[{"href":"https:\/\/qualybabyloja.com.br\/loja\/index.php?rest_route=%2Fwp%2Fv2%2Fmedia&parent=5526"}],"wp:term":[{"taxonomy":"product_brand","embeddable":true,"href":"https:\/\/qualybabyloja.com.br\/loja\/index.php?rest_route=%2Fwp%2Fv2%2Fproduct_brand&post=5526"},{"taxonomy":"product_cat","embeddable":true,"href":"https:\/\/qualybabyloja.com.br\/loja\/index.php?rest_route=%2Fwp%2Fv2%2Fproduct_cat&post=5526"},{"taxonomy":"product_tag","embeddable":true,"href":"https:\/\/qualybabyloja.com.br\/loja\/index.php?rest_route=%2Fwp%2Fv2%2Fproduct_tag&post=5526"}],"curies":[{"name":"wp","href":"https:\/\/api.w.org\/{rel}","templated":true}]}}