{"id":5498,"date":"2025-11-12T13:56:05","date_gmt":"2025-11-12T13:56:05","guid":{"rendered":"https:\/\/qualybabyloja.com.br\/loja\/?post_type=product&#038;p=5498"},"modified":"2025-11-12T13:59:15","modified_gmt":"2025-11-12T13:59:15","slug":"barra-frontal-ping-abc-design","status":"publish","type":"product","link":"https:\/\/qualybabyloja.com.br\/loja\/?product=barra-frontal-ping-abc-design","title":{"rendered":"Barra frontal Ping Abc Design-"},"content":{"rendered":"","protected":false},"excerpt":{"rendered":"<ul>\n<li>Barra frontal de prote\u00e7\u00e3o em acabamento especial, acopla no carrinho Ping;<strong>Produto N\u00c3O acompanha:<\/strong>\n<ul>\n<li>Capota<\/li>\n<li>Assento;<\/li>\n<li>Cesto;<\/li>\n<li>Rodas.<\/li>\n<\/ul>\n<\/li>\n<\/ul>\n","protected":false},"featured_media":5622,"comment_status":"open","ping_status":"closed","template":"","meta":{"site-sidebar-layout":"default","site-content-layout":"","ast-site-content-layout":"default","site-content-style":"default","site-sidebar-style":"default","ast-global-header-display":"","ast-banner-title-visibility":"","ast-main-header-display":"","ast-hfb-above-header-display":"","ast-hfb-below-header-display":"","ast-hfb-mobile-header-display":"","site-post-title":"","ast-breadcrumbs-content":"","ast-featured-img":"","footer-sml-layout":"","theme-transparent-header-meta":"","adv-header-id-meta":"","stick-header-meta":"","header-above-stick-meta":"","header-main-stick-meta":"","header-below-stick-meta":"","astra-migrate-meta-layouts":"default","ast-page-background-enabled":"default","ast-page-background-meta":{"desktop":{"background-color":"","background-image":"","background-repeat":"repeat","background-position":"center center","background-size":"auto","background-attachment":"scroll","background-type":"","background-media":"","overlay-type":"","overlay-color":"","overlay-opacity":"","overlay-gradient":""},"tablet":{"background-color":"","background-image":"","background-repeat":"repeat","background-position":"center center","background-size":"auto","background-attachment":"scroll","background-type":"","background-media":"","overlay-type":"","overlay-color":"","overlay-opacity":"","overlay-gradient":""},"mobile":{"background-color":"","background-image":"","background-repeat":"repeat","background-position":"center center","background-size":"auto","background-attachment":"scroll","background-type":"","background-media":"","overlay-type":"","overlay-color":"","overlay-opacity":"","overlay-gradient":""}},"ast-content-background-meta":{"desktop":{"background-color":"var(--ast-global-color-5)","background-image":"","background-repeat":"repeat","background-position":"center center","background-size":"auto","background-attachment":"scroll","background-type":"","background-media":"","overlay-type":"","overlay-color":"","overlay-opacity":"","overlay-gradient":""},"tablet":{"background-color":"var(--ast-global-color-5)","background-image":"","background-repeat":"repeat","background-position":"center center","background-size":"auto","background-attachment":"scroll","background-type":"","background-media":"","overlay-type":"","overlay-color":"","overlay-opacity":"","overlay-gradient":""},"mobile":{"background-color":"var(--ast-global-color-5)","background-image":"","background-repeat":"repeat","background-position":"center center","background-size":"auto","background-attachment":"scroll","background-type":"","background-media":"","overlay-type":"","overlay-color":"","overlay-opacity":"","overlay-gradient":""}}},"product_brand":[],"product_cat":[260],"product_tag":[709,691,710,711,712],"class_list":{"0":"post-5498","1":"product","2":"type-product","3":"status-publish","4":"has-post-thumbnail","6":"product_cat-abc-design","7":"product_tag-barradeapoiodebracoparacarrinhodebebe","8":"product_tag-barrafrontal","9":"product_tag-barrafrontalabcdesign","10":"product_tag-barrafrontalparacarrinho","11":"product_tag-barrafrontalping","12":"desktop-align-left","13":"tablet-align-left","14":"mobile-align-left","16":"first","17":"outofstock","18":"shipping-taxable","19":"purchasable","20":"product-type-simple"},"_links":{"self":[{"href":"https:\/\/qualybabyloja.com.br\/loja\/index.php?rest_route=\/wp\/v2\/product\/5498","targetHints":{"allow":["GET"]}}],"collection":[{"href":"https:\/\/qualybabyloja.com.br\/loja\/index.php?rest_route=\/wp\/v2\/product"}],"about":[{"href":"https:\/\/qualybabyloja.com.br\/loja\/index.php?rest_route=\/wp\/v2\/types\/product"}],"replies":[{"embeddable":true,"href":"https:\/\/qualybabyloja.com.br\/loja\/index.php?rest_route=%2Fwp%2Fv2%2Fcomments&post=5498"}],"version-history":[{"count":1,"href":"https:\/\/qualybabyloja.com.br\/loja\/index.php?rest_route=\/wp\/v2\/product\/5498\/revisions"}],"predecessor-version":[{"id":5623,"href":"https:\/\/qualybabyloja.com.br\/loja\/index.php?rest_route=\/wp\/v2\/product\/5498\/revisions\/5623"}],"wp:featuredmedia":[{"embeddable":true,"href":"https:\/\/qualybabyloja.com.br\/loja\/index.php?rest_route=\/wp\/v2\/media\/5622"}],"wp:attachment":[{"href":"https:\/\/qualybabyloja.com.br\/loja\/index.php?rest_route=%2Fwp%2Fv2%2Fmedia&parent=5498"}],"wp:term":[{"taxonomy":"product_brand","embeddable":true,"href":"https:\/\/qualybabyloja.com.br\/loja\/index.php?rest_route=%2Fwp%2Fv2%2Fproduct_brand&post=5498"},{"taxonomy":"product_cat","embeddable":true,"href":"https:\/\/qualybabyloja.com.br\/loja\/index.php?rest_route=%2Fwp%2Fv2%2Fproduct_cat&post=5498"},{"taxonomy":"product_tag","embeddable":true,"href":"https:\/\/qualybabyloja.com.br\/loja\/index.php?rest_route=%2Fwp%2Fv2%2Fproduct_tag&post=5498"}],"curies":[{"name":"wp","href":"https:\/\/api.w.org\/{rel}","templated":true}]}}