{"id":5451,"date":"2025-11-12T13:55:08","date_gmt":"2025-11-12T13:55:08","guid":{"rendered":"https:\/\/qualybabyloja.com.br\/loja\/?post_type=product&#038;p=5451"},"modified":"2025-11-12T13:57:45","modified_gmt":"2025-11-12T13:57:45","slug":"adaptador-para-tulip-treviso-3-abc-design","status":"publish","type":"product","link":"https:\/\/qualybabyloja.com.br\/loja\/?product=adaptador-para-tulip-treviso-3-abc-design","title":{"rendered":"Adaptador para Tulip Treviso 3 Abc Design"},"content":{"rendered":"<p>Adaptador para Tulip Treviso 3<\/p>\n<p>Sobre o produto:<br \/>\nCARACTER\u00cdSTICAS DO PRODUTO<\/p>\n<p>Produto Alem\u00e3o;<br \/>\nVendido como Par;<br \/>\nCompat\u00edvel com o modelo Treviso 3;<br \/>\nAdaptador para Beb\u00ea Conforto Tulip;<br \/>\n02 anos de Garantia.<\/p>\n","protected":false},"excerpt":{"rendered":"<p>DESCRI\u00c7\u00c3O DETALHADA DO PRODUTO:<\/p>\n<p>Com este pequeno acess\u00f3rio, seu carrinho ABC Design pode ser convertido para um Travel System, acoplando o beb\u00ea conforto \u00e0 estrutura com apenas um clique. Muitas vezes os beb\u00eas dormem no carro durante as viagens e utilizando este acess\u00f3rio, a manobra de transferi-lo do carro para o carrinho fica mais f\u00e1cil e segura, al\u00e9m de permitir que ele continue sonhando enquanto passeia no carrinho. Compat\u00edvel com o Beb\u00ea conforto Tulip ABC Design. Com a indica\u00e7\u00e3o correta dos lados, pode ser removido da estrutura ou do beb\u00ea conforto atrav\u00e9s do bot\u00e3o que \u00e9 indicado no produto. O mesmo pode se manter instalado na estrutura no fechamento do carrinho. O produto \u00e9 indicado apenas para instala\u00e7\u00e3o do beb\u00ea conforto Tulip (Deve ser utilizado por crian\u00e7as de 0 a 13 kg) durante o per\u00edodo de uso .Produto n\u00e3o apresenta risco \u00e0 sa\u00fade a \u00e0 integridade f\u00edsica do usu\u00e1rio, quando bem utilizado \u00e9 seguro e n\u00e3o apresenta riscos.<br \/>\nEste modelo se adapta perfeitamente ao carrinho Treviso 3.<\/p>\n","protected":false},"featured_media":5575,"comment_status":"open","ping_status":"closed","template":"","meta":{"site-sidebar-layout":"default","site-content-layout":"","ast-site-content-layout":"default","site-content-style":"default","site-sidebar-style":"default","ast-global-header-display":"","ast-banner-title-visibility":"","ast-main-header-display":"","ast-hfb-above-header-display":"","ast-hfb-below-header-display":"","ast-hfb-mobile-header-display":"","site-post-title":"","ast-breadcrumbs-content":"","ast-featured-img":"","footer-sml-layout":"","theme-transparent-header-meta":"","adv-header-id-meta":"","stick-header-meta":"","header-above-stick-meta":"","header-main-stick-meta":"","header-below-stick-meta":"","astra-migrate-meta-layouts":"default","ast-page-background-enabled":"default","ast-page-background-meta":{"desktop":{"background-color":"","background-image":"","background-repeat":"repeat","background-position":"center center","background-size":"auto","background-attachment":"scroll","background-type":"","background-media":"","overlay-type":"","overlay-color":"","overlay-opacity":"","overlay-gradient":""},"tablet":{"background-color":"","background-image":"","background-repeat":"repeat","background-position":"center center","background-size":"auto","background-attachment":"scroll","background-type":"","background-media":"","overlay-type":"","overlay-color":"","overlay-opacity":"","overlay-gradient":""},"mobile":{"background-color":"","background-image":"","background-repeat":"repeat","background-position":"center center","background-size":"auto","background-attachment":"scroll","background-type":"","background-media":"","overlay-type":"","overlay-color":"","overlay-opacity":"","overlay-gradient":""}},"ast-content-background-meta":{"desktop":{"background-color":"var(--ast-global-color-5)","background-image":"","background-repeat":"repeat","background-position":"center center","background-size":"auto","background-attachment":"scroll","background-type":"","background-media":"","overlay-type":"","overlay-color":"","overlay-opacity":"","overlay-gradient":""},"tablet":{"background-color":"var(--ast-global-color-5)","background-image":"","background-repeat":"repeat","background-position":"center center","background-size":"auto","background-attachment":"scroll","background-type":"","background-media":"","overlay-type":"","overlay-color":"","overlay-opacity":"","overlay-gradient":""},"mobile":{"background-color":"var(--ast-global-color-5)","background-image":"","background-repeat":"repeat","background-position":"center center","background-size":"auto","background-attachment":"scroll","background-type":"","background-media":"","overlay-type":"","overlay-color":"","overlay-opacity":"","overlay-gradient":""}}},"product_brand":[],"product_cat":[260],"product_tag":[669,447,449,670,671],"class_list":{"0":"post-5451","1":"product","2":"type-product","3":"status-publish","4":"has-post-thumbnail","6":"product_cat-abc-design","7":"product_tag-adaptador-abc-design","8":"product_tag-adaptador-bebe-conforto","9":"product_tag-adaptadores-carrinho-de-bebe","10":"product_tag-peca-de-encaixe-para-bebe-conforto","11":"product_tag-suporte-para-bebe-conforto","12":"desktop-align-left","13":"tablet-align-left","14":"mobile-align-left","16":"first","17":"outofstock","18":"shipping-taxable","19":"product-type-simple"},"_links":{"self":[{"href":"https:\/\/qualybabyloja.com.br\/loja\/index.php?rest_route=\/wp\/v2\/product\/5451","targetHints":{"allow":["GET"]}}],"collection":[{"href":"https:\/\/qualybabyloja.com.br\/loja\/index.php?rest_route=\/wp\/v2\/product"}],"about":[{"href":"https:\/\/qualybabyloja.com.br\/loja\/index.php?rest_route=\/wp\/v2\/types\/product"}],"replies":[{"embeddable":true,"href":"https:\/\/qualybabyloja.com.br\/loja\/index.php?rest_route=%2Fwp%2Fv2%2Fcomments&post=5451"}],"version-history":[{"count":1,"href":"https:\/\/qualybabyloja.com.br\/loja\/index.php?rest_route=\/wp\/v2\/product\/5451\/revisions"}],"predecessor-version":[{"id":5576,"href":"https:\/\/qualybabyloja.com.br\/loja\/index.php?rest_route=\/wp\/v2\/product\/5451\/revisions\/5576"}],"wp:featuredmedia":[{"embeddable":true,"href":"https:\/\/qualybabyloja.com.br\/loja\/index.php?rest_route=\/wp\/v2\/media\/5575"}],"wp:attachment":[{"href":"https:\/\/qualybabyloja.com.br\/loja\/index.php?rest_route=%2Fwp%2Fv2%2Fmedia&parent=5451"}],"wp:term":[{"taxonomy":"product_brand","embeddable":true,"href":"https:\/\/qualybabyloja.com.br\/loja\/index.php?rest_route=%2Fwp%2Fv2%2Fproduct_brand&post=5451"},{"taxonomy":"product_cat","embeddable":true,"href":"https:\/\/qualybabyloja.com.br\/loja\/index.php?rest_route=%2Fwp%2Fv2%2Fproduct_cat&post=5451"},{"taxonomy":"product_tag","embeddable":true,"href":"https:\/\/qualybabyloja.com.br\/loja\/index.php?rest_route=%2Fwp%2Fv2%2Fproduct_tag&post=5451"}],"curies":[{"name":"wp","href":"https:\/\/api.w.org\/{rel}","templated":true}]}}