{"id":5394,"date":"2025-11-12T13:53:29","date_gmt":"2025-11-12T13:53:29","guid":{"rendered":"https:\/\/qualybabyloja.com.br\/loja\/?post_type=product&#038;p=5394"},"modified":"2025-11-12T13:56:13","modified_gmt":"2025-11-12T13:56:13","slug":"carrinho-abc-design-treviso-4","status":"publish","type":"product","link":"https:\/\/qualybabyloja.com.br\/loja\/?product=carrinho-abc-design-treviso-4","title":{"rendered":"Carrinho ABc Design Treviso 4"},"content":{"rendered":"<p>***N\u00c3O INCLUI A BARRA FRONTAL***<\/p>\n","protected":false},"excerpt":{"rendered":"<p>Carrinho de Beb\u00ea Treviso 4 Woven Grey<\/p>\n<p>Informa\u00e7\u00f5es do Produto:<br \/>\nProduto Alem\u00e3o<br \/>\nCarrinhos paras Beb\u00eas desde rec\u00e9m-nascido at\u00e9 3 anos de idade<br \/>\nSuporta at\u00e9 22kg conforme normas Europ\u00e9ias<br \/>\nFator de prote\u00e7\u00e3o solar UV50+<br \/>\nResistente a \u00e1gua<br \/>\nTecido Poli\u00e9ster<br \/>\nEstrutura A\u00e7o Tubular + Carbono<br \/>\nRoda Dianteira removivel e eixo traseiro removivel<br \/>\nCesto de Objetos<br \/>\nCapota Estendida com visor<br \/>\nAssento com 4 tipos de Inclina\u00e7\u00e3o<br \/>\nCinto de seguran\u00e7a 5 pontos com protetores<br \/>\nF\u00e1cil fechamento<br \/>\nApoio ajust\u00e1vel para os P\u00e9s<br \/>\nProduto n\u00e3o acopla beb\u00ea conforto, e mois\u00e9s.     <\/p>\n<p>O Treviso 4 \u00e9 duplamente certificado pelas normas brasileiras (Inmetro) e Europeias.  OCAN-CPC.05011\/2018<\/p>\n<p>Informa\u00e7\u00f5es Adicionais:   <\/p>\n<p>Medida do carrinho fechado COM roda CxLxA: 86x58x27     <\/p>\n<p>Medida do carrinho fechado SEM roda CxLxA: 78x58x27 <\/p>\n<p>Medidas do Assento:            <\/p>\n<p>Comprimento Encosto Total : 73cm  <\/p>\n<p>Comprimento Encosto: 43cm <\/p>\n<p>Comprimento Assento: 30cm     <\/p>\n<p>Largura do encosto: 31cm<\/p>\n<p>Medidas das Rodas: Dianteira: 18cm<\/p>\n<p>Traseira: 21cm<\/p>\n<p>Peso do carrinho: 7,650kg<\/p>\n","protected":false},"featured_media":5502,"comment_status":"open","ping_status":"closed","template":"","meta":{"site-sidebar-layout":"default","site-content-layout":"","ast-site-content-layout":"default","site-content-style":"default","site-sidebar-style":"default","ast-global-header-display":"","ast-banner-title-visibility":"","ast-main-header-display":"","ast-hfb-above-header-display":"","ast-hfb-below-header-display":"","ast-hfb-mobile-header-display":"","site-post-title":"","ast-breadcrumbs-content":"","ast-featured-img":"","footer-sml-layout":"","theme-transparent-header-meta":"","adv-header-id-meta":"","stick-header-meta":"","header-above-stick-meta":"","header-main-stick-meta":"","header-below-stick-meta":"","astra-migrate-meta-layouts":"default","ast-page-background-enabled":"default","ast-page-background-meta":{"desktop":{"background-color":"","background-image":"","background-repeat":"repeat","background-position":"center center","background-size":"auto","background-attachment":"scroll","background-type":"","background-media":"","overlay-type":"","overlay-color":"","overlay-opacity":"","overlay-gradient":""},"tablet":{"background-color":"","background-image":"","background-repeat":"repeat","background-position":"center center","background-size":"auto","background-attachment":"scroll","background-type":"","background-media":"","overlay-type":"","overlay-color":"","overlay-opacity":"","overlay-gradient":""},"mobile":{"background-color":"","background-image":"","background-repeat":"repeat","background-position":"center center","background-size":"auto","background-attachment":"scroll","background-type":"","background-media":"","overlay-type":"","overlay-color":"","overlay-opacity":"","overlay-gradient":""}},"ast-content-background-meta":{"desktop":{"background-color":"var(--ast-global-color-5)","background-image":"","background-repeat":"repeat","background-position":"center center","background-size":"auto","background-attachment":"scroll","background-type":"","background-media":"","overlay-type":"","overlay-color":"","overlay-opacity":"","overlay-gradient":""},"tablet":{"background-color":"var(--ast-global-color-5)","background-image":"","background-repeat":"repeat","background-position":"center center","background-size":"auto","background-attachment":"scroll","background-type":"","background-media":"","overlay-type":"","overlay-color":"","overlay-opacity":"","overlay-gradient":""},"mobile":{"background-color":"var(--ast-global-color-5)","background-image":"","background-repeat":"repeat","background-position":"center center","background-size":"auto","background-attachment":"scroll","background-type":"","background-media":"","overlay-type":"","overlay-color":"","overlay-opacity":"","overlay-gradient":""}}},"product_brand":[],"product_cat":[86],"product_tag":[],"class_list":{"0":"post-5394","1":"product","2":"type-product","3":"status-publish","4":"has-post-thumbnail","6":"product_cat-desapego","7":"desktop-align-left","8":"tablet-align-left","9":"mobile-align-left","11":"first","12":"outofstock","13":"shipping-taxable","14":"product-type-simple"},"_links":{"self":[{"href":"https:\/\/qualybabyloja.com.br\/loja\/index.php?rest_route=\/wp\/v2\/product\/5394","targetHints":{"allow":["GET"]}}],"collection":[{"href":"https:\/\/qualybabyloja.com.br\/loja\/index.php?rest_route=\/wp\/v2\/product"}],"about":[{"href":"https:\/\/qualybabyloja.com.br\/loja\/index.php?rest_route=\/wp\/v2\/types\/product"}],"replies":[{"embeddable":true,"href":"https:\/\/qualybabyloja.com.br\/loja\/index.php?rest_route=%2Fwp%2Fv2%2Fcomments&post=5394"}],"version-history":[{"count":1,"href":"https:\/\/qualybabyloja.com.br\/loja\/index.php?rest_route=\/wp\/v2\/product\/5394\/revisions"}],"predecessor-version":[{"id":5503,"href":"https:\/\/qualybabyloja.com.br\/loja\/index.php?rest_route=\/wp\/v2\/product\/5394\/revisions\/5503"}],"wp:featuredmedia":[{"embeddable":true,"href":"https:\/\/qualybabyloja.com.br\/loja\/index.php?rest_route=\/wp\/v2\/media\/5502"}],"wp:attachment":[{"href":"https:\/\/qualybabyloja.com.br\/loja\/index.php?rest_route=%2Fwp%2Fv2%2Fmedia&parent=5394"}],"wp:term":[{"taxonomy":"product_brand","embeddable":true,"href":"https:\/\/qualybabyloja.com.br\/loja\/index.php?rest_route=%2Fwp%2Fv2%2Fproduct_brand&post=5394"},{"taxonomy":"product_cat","embeddable":true,"href":"https:\/\/qualybabyloja.com.br\/loja\/index.php?rest_route=%2Fwp%2Fv2%2Fproduct_cat&post=5394"},{"taxonomy":"product_tag","embeddable":true,"href":"https:\/\/qualybabyloja.com.br\/loja\/index.php?rest_route=%2Fwp%2Fv2%2Fproduct_tag&post=5394"}],"curies":[{"name":"wp","href":"https:\/\/api.w.org\/{rel}","templated":true}]}}