{"id":4892,"date":"2025-11-12T13:41:41","date_gmt":"2025-11-12T13:41:41","guid":{"rendered":"https:\/\/qualybabyloja.com.br\/loja\/?post_type=product&#038;p=4892"},"modified":"2025-11-12T13:44:45","modified_gmt":"2025-11-12T13:44:45","slug":"carrinho-de-bebe-pliko-p3-compact-classico-cielo-peg-perego","status":"publish","type":"product","link":"https:\/\/qualybabyloja.com.br\/loja\/?product=carrinho-de-bebe-pliko-p3-compact-classico-cielo-peg-perego","title":{"rendered":"Carrinho de bebe Pliko P3 Compact Cl\u00e1ssico Cielo Peg Perego"},"content":{"rendered":"<p>Descri\u00e7\u00e3o<\/p>\n<p>Carrinho Pliko P3 Compact<\/p>\n<p>. Sistema de travas para encaixar a cadeira para auto Primo Viaggio.<br \/>\n. Cinto de seguran\u00e7a de 5 pontos.<br \/>\n. Encosto reclin\u00e1vel em 4 posi\u00e7\u00f5es e apoio reclin\u00e1vel em 3 posi\u00e7\u00f5es.<br \/>\n. Suspens\u00e3o nas quatro rodas.<br \/>\n. Rodas frontais com girat\u00f3rio e trava.<br \/>\n. Freios traseiros conjugados.<br \/>\n. Capota com abertura traseira com visor<br \/>\n. Manopla com estofamento emborrachado e ajuste de altura.<br \/>\n. Protetor frontal articulado, permite soltar apenas um dos lados para f\u00e1cil acesso \u00e1 crian\u00e7a.<br \/>\n. Pedana traseira com antiderrapante emborrachado, para o transporte seguro de outra crian\u00e7a de at\u00e9 20 kg.<br \/>\n. Ampla e pr\u00e1tica cesta porta-objetos.<br \/>\n. Al\u00e7a cental que permite o fechamento do carrinho com uma m\u00e3o.<br \/>\n. Para crian\u00e7as at\u00e9 15 kg.<br \/>\n. Compacto e permanente em p\u00e9 quando fechado.<br \/>\n. Al\u00e7a lateral para transporte.<\/p>\n","protected":false},"excerpt":{"rendered":"<p>Marca: Peg Perego<\/p>\n<p>Modelo: Pliko P3 Compact Cl\u00e1ssico Cielo<\/p>\n<p>Para crian\u00e7as at\u00e9 15 kg.<\/p>\n","protected":false},"featured_media":5008,"comment_status":"open","ping_status":"closed","template":"","meta":{"site-sidebar-layout":"default","site-content-layout":"","ast-site-content-layout":"default","site-content-style":"default","site-sidebar-style":"default","ast-global-header-display":"","ast-banner-title-visibility":"","ast-main-header-display":"","ast-hfb-above-header-display":"","ast-hfb-below-header-display":"","ast-hfb-mobile-header-display":"","site-post-title":"","ast-breadcrumbs-content":"","ast-featured-img":"","footer-sml-layout":"","theme-transparent-header-meta":"","adv-header-id-meta":"","stick-header-meta":"","header-above-stick-meta":"","header-main-stick-meta":"","header-below-stick-meta":"","astra-migrate-meta-layouts":"default","ast-page-background-enabled":"default","ast-page-background-meta":{"desktop":{"background-color":"","background-image":"","background-repeat":"repeat","background-position":"center center","background-size":"auto","background-attachment":"scroll","background-type":"","background-media":"","overlay-type":"","overlay-color":"","overlay-opacity":"","overlay-gradient":""},"tablet":{"background-color":"","background-image":"","background-repeat":"repeat","background-position":"center center","background-size":"auto","background-attachment":"scroll","background-type":"","background-media":"","overlay-type":"","overlay-color":"","overlay-opacity":"","overlay-gradient":""},"mobile":{"background-color":"","background-image":"","background-repeat":"repeat","background-position":"center center","background-size":"auto","background-attachment":"scroll","background-type":"","background-media":"","overlay-type":"","overlay-color":"","overlay-opacity":"","overlay-gradient":""}},"ast-content-background-meta":{"desktop":{"background-color":"var(--ast-global-color-5)","background-image":"","background-repeat":"repeat","background-position":"center center","background-size":"auto","background-attachment":"scroll","background-type":"","background-media":"","overlay-type":"","overlay-color":"","overlay-opacity":"","overlay-gradient":""},"tablet":{"background-color":"var(--ast-global-color-5)","background-image":"","background-repeat":"repeat","background-position":"center center","background-size":"auto","background-attachment":"scroll","background-type":"","background-media":"","overlay-type":"","overlay-color":"","overlay-opacity":"","overlay-gradient":""},"mobile":{"background-color":"var(--ast-global-color-5)","background-image":"","background-repeat":"repeat","background-position":"center center","background-size":"auto","background-attachment":"scroll","background-type":"","background-media":"","overlay-type":"","overlay-color":"","overlay-opacity":"","overlay-gradient":""}}},"product_brand":[],"product_cat":[86,72],"product_tag":[87,370,371],"class_list":{"0":"post-4892","1":"product","2":"type-product","3":"status-publish","4":"has-post-thumbnail","6":"product_cat-desapego","7":"product_cat-pegperego","8":"product_tag-carrinho-de-bebe","9":"product_tag-carrinho-de-bebe-peg-perego","10":"product_tag-carrinho-peg-perego","11":"desktop-align-left","12":"tablet-align-left","13":"mobile-align-left","15":"first","16":"outofstock","17":"shipping-taxable","18":"product-type-simple"},"_links":{"self":[{"href":"https:\/\/qualybabyloja.com.br\/loja\/index.php?rest_route=\/wp\/v2\/product\/4892","targetHints":{"allow":["GET"]}}],"collection":[{"href":"https:\/\/qualybabyloja.com.br\/loja\/index.php?rest_route=\/wp\/v2\/product"}],"about":[{"href":"https:\/\/qualybabyloja.com.br\/loja\/index.php?rest_route=\/wp\/v2\/types\/product"}],"replies":[{"embeddable":true,"href":"https:\/\/qualybabyloja.com.br\/loja\/index.php?rest_route=%2Fwp%2Fv2%2Fcomments&post=4892"}],"version-history":[{"count":1,"href":"https:\/\/qualybabyloja.com.br\/loja\/index.php?rest_route=\/wp\/v2\/product\/4892\/revisions"}],"predecessor-version":[{"id":5009,"href":"https:\/\/qualybabyloja.com.br\/loja\/index.php?rest_route=\/wp\/v2\/product\/4892\/revisions\/5009"}],"wp:featuredmedia":[{"embeddable":true,"href":"https:\/\/qualybabyloja.com.br\/loja\/index.php?rest_route=\/wp\/v2\/media\/5008"}],"wp:attachment":[{"href":"https:\/\/qualybabyloja.com.br\/loja\/index.php?rest_route=%2Fwp%2Fv2%2Fmedia&parent=4892"}],"wp:term":[{"taxonomy":"product_brand","embeddable":true,"href":"https:\/\/qualybabyloja.com.br\/loja\/index.php?rest_route=%2Fwp%2Fv2%2Fproduct_brand&post=4892"},{"taxonomy":"product_cat","embeddable":true,"href":"https:\/\/qualybabyloja.com.br\/loja\/index.php?rest_route=%2Fwp%2Fv2%2Fproduct_cat&post=4892"},{"taxonomy":"product_tag","embeddable":true,"href":"https:\/\/qualybabyloja.com.br\/loja\/index.php?rest_route=%2Fwp%2Fv2%2Fproduct_tag&post=4892"}],"curies":[{"name":"wp","href":"https:\/\/api.w.org\/{rel}","templated":true}]}}