{"id":4642,"date":"2025-11-12T13:34:41","date_gmt":"2025-11-12T13:34:41","guid":{"rendered":"https:\/\/qualybabyloja.com.br\/loja\/?post_type=product&#038;p=4642"},"modified":"2025-11-12T13:37:42","modified_gmt":"2025-11-12T13:37:42","slug":"cadeira-para-automovel-infanti-star-comfort","status":"publish","type":"product","link":"https:\/\/qualybabyloja.com.br\/loja\/?product=cadeira-para-automovel-infanti-star-comfort","title":{"rendered":"Cadeira para Autom\u00f3vel Infanti Star Comfort"},"content":{"rendered":"<p>Caracter\u00edsticas Gerais<br \/>\nMarca: Infanti<br \/>\nModelo: Star Comfort<br \/>\nCom tiras ajust\u00e1veis<br \/>\nPeso m\u00ednimo suportado:<br \/>\n9 kg<br \/>\nPeso m\u00e1ximo suportado:<br \/>\n36 kg<br \/>\nIdade m\u00ednima recomendada:<br \/>\n10 meses<br \/>\nIdade m\u00e1xima recomendada:<br \/>\n7 anos<br \/>\nGrupos:<br \/>\n0,1,2,3<br \/>\nSistemas de ancoragem:<br \/>\nCinto de Seguran\u00e7a<br \/>\nTipo de sistema de seguran\u00e7a:<br \/>\nArn\u00eas de 5 pontos<br \/>\nCom prote\u00e7\u00e3o contra impactos:<br \/>\nSim<br \/>\nAltura:<br \/>\n53 cm<br \/>\nLargura:<br \/>\n50 cm<br \/>\nProfundidade:<br \/>\n89 cm<\/p>\n","protected":false},"excerpt":{"rendered":"<p>Descri\u00e7\u00e3o<br \/>\nA Cadeira Star Comfort da Infanti possui m\u00faltiplas posi\u00e7\u00f5es de recline, posteriormente \u00e9 transformada em booster.<br \/>\nOferece apoio para o beb\u00ea encostar a cabe\u00e7a e tecido totalmente confort\u00e1vel e remov\u00edvel para limpeza. \u00c9 para ser utilizada em ve\u00edculos que estejam equipados com o cinto de seguran\u00e7a de 3 pontos\/est\u00e1tico\/com retrator.<br \/>\nOutras caracter\u00edsticas da cadeira de beb\u00ea:<br \/>\n&#8211; Base em pl\u00e1stico de alta resist\u00eancia.<br \/>\n&#8211; M\u00faltiplas posi\u00e7\u00f5es de recline, com regulagem feita atrav\u00e9s de dispositivo de rosqueamento na frente da cadeira.<br \/>\n&#8211; Cinto de 5 pontos.<br \/>\n&#8211; 3 Alturas para o cinto de seguran\u00e7a.<br \/>\n&#8211; Cinto de seguran\u00e7a de 5 pontos (para ser usado por crian\u00e7as com peso de 09 \u00e0 18 Kg com cinto interno).<br \/>\n&#8211; Para crian\u00e7as de 15 a 25 Kg, utilizar com encosto e cinto do ve\u00edculo.<br \/>\n&#8211; Para crian\u00e7as de 22 a 36 Kg, utilizar sem encosto, com o cinto do ve\u00edculo (booster).<br \/>\n&#8211; Absor\u00e7\u00e3o de impactos na \u00e1rea da cabe\u00e7a.<br \/>\n&#8211; Selo de aprova\u00e7\u00e3o do INMETRO.<\/p>\n","protected":false},"featured_media":4759,"comment_status":"open","ping_status":"closed","template":"","meta":{"site-sidebar-layout":"default","site-content-layout":"","ast-site-content-layout":"default","site-content-style":"default","site-sidebar-style":"default","ast-global-header-display":"","ast-banner-title-visibility":"","ast-main-header-display":"","ast-hfb-above-header-display":"","ast-hfb-below-header-display":"","ast-hfb-mobile-header-display":"","site-post-title":"","ast-breadcrumbs-content":"","ast-featured-img":"","footer-sml-layout":"","theme-transparent-header-meta":"","adv-header-id-meta":"","stick-header-meta":"","header-above-stick-meta":"","header-main-stick-meta":"","header-below-stick-meta":"","astra-migrate-meta-layouts":"default","ast-page-background-enabled":"default","ast-page-background-meta":{"desktop":{"background-color":"","background-image":"","background-repeat":"repeat","background-position":"center center","background-size":"auto","background-attachment":"scroll","background-type":"","background-media":"","overlay-type":"","overlay-color":"","overlay-opacity":"","overlay-gradient":""},"tablet":{"background-color":"","background-image":"","background-repeat":"repeat","background-position":"center center","background-size":"auto","background-attachment":"scroll","background-type":"","background-media":"","overlay-type":"","overlay-color":"","overlay-opacity":"","overlay-gradient":""},"mobile":{"background-color":"","background-image":"","background-repeat":"repeat","background-position":"center center","background-size":"auto","background-attachment":"scroll","background-type":"","background-media":"","overlay-type":"","overlay-color":"","overlay-opacity":"","overlay-gradient":""}},"ast-content-background-meta":{"desktop":{"background-color":"var(--ast-global-color-5)","background-image":"","background-repeat":"repeat","background-position":"center center","background-size":"auto","background-attachment":"scroll","background-type":"","background-media":"","overlay-type":"","overlay-color":"","overlay-opacity":"","overlay-gradient":""},"tablet":{"background-color":"var(--ast-global-color-5)","background-image":"","background-repeat":"repeat","background-position":"center center","background-size":"auto","background-attachment":"scroll","background-type":"","background-media":"","overlay-type":"","overlay-color":"","overlay-opacity":"","overlay-gradient":""},"mobile":{"background-color":"var(--ast-global-color-5)","background-image":"","background-repeat":"repeat","background-position":"center center","background-size":"auto","background-attachment":"scroll","background-type":"","background-media":"","overlay-type":"","overlay-color":"","overlay-opacity":"","overlay-gradient":""}}},"product_brand":[],"product_cat":[86],"product_tag":[218,215,216,109,110],"class_list":{"0":"post-4642","1":"product","2":"type-product","3":"status-publish","4":"has-post-thumbnail","6":"product_cat-desapego","7":"product_tag-cadeira-infanti","8":"product_tag-cadeira-para-automovel","9":"product_tag-cadeira-reclinavel","10":"product_tag-cadeirinha-de-carro","11":"product_tag-cadeirinha-para-bebe","12":"desktop-align-left","13":"tablet-align-left","14":"mobile-align-left","16":"first","17":"outofstock","18":"shipping-taxable","19":"purchasable","20":"product-type-simple"},"_links":{"self":[{"href":"https:\/\/qualybabyloja.com.br\/loja\/index.php?rest_route=\/wp\/v2\/product\/4642","targetHints":{"allow":["GET"]}}],"collection":[{"href":"https:\/\/qualybabyloja.com.br\/loja\/index.php?rest_route=\/wp\/v2\/product"}],"about":[{"href":"https:\/\/qualybabyloja.com.br\/loja\/index.php?rest_route=\/wp\/v2\/types\/product"}],"replies":[{"embeddable":true,"href":"https:\/\/qualybabyloja.com.br\/loja\/index.php?rest_route=%2Fwp%2Fv2%2Fcomments&post=4642"}],"version-history":[{"count":1,"href":"https:\/\/qualybabyloja.com.br\/loja\/index.php?rest_route=\/wp\/v2\/product\/4642\/revisions"}],"predecessor-version":[{"id":4760,"href":"https:\/\/qualybabyloja.com.br\/loja\/index.php?rest_route=\/wp\/v2\/product\/4642\/revisions\/4760"}],"wp:featuredmedia":[{"embeddable":true,"href":"https:\/\/qualybabyloja.com.br\/loja\/index.php?rest_route=\/wp\/v2\/media\/4759"}],"wp:attachment":[{"href":"https:\/\/qualybabyloja.com.br\/loja\/index.php?rest_route=%2Fwp%2Fv2%2Fmedia&parent=4642"}],"wp:term":[{"taxonomy":"product_brand","embeddable":true,"href":"https:\/\/qualybabyloja.com.br\/loja\/index.php?rest_route=%2Fwp%2Fv2%2Fproduct_brand&post=4642"},{"taxonomy":"product_cat","embeddable":true,"href":"https:\/\/qualybabyloja.com.br\/loja\/index.php?rest_route=%2Fwp%2Fv2%2Fproduct_cat&post=4642"},{"taxonomy":"product_tag","embeddable":true,"href":"https:\/\/qualybabyloja.com.br\/loja\/index.php?rest_route=%2Fwp%2Fv2%2Fproduct_tag&post=4642"}],"curies":[{"name":"wp","href":"https:\/\/api.w.org\/{rel}","templated":true}]}}