{"id":4641,"date":"2025-11-12T13:34:40","date_gmt":"2025-11-12T13:34:40","guid":{"rendered":"https:\/\/qualybabyloja.com.br\/loja\/?post_type=product&#038;p=4641"},"modified":"2025-11-12T13:37:38","modified_gmt":"2025-11-12T13:37:38","slug":"cadeira-para-automovel-mickey-mouse","status":"publish","type":"product","link":"https:\/\/qualybabyloja.com.br\/loja\/?product=cadeira-para-automovel-mickey-mouse","title":{"rendered":"Cadeira para Autom\u00f3vel Mickey Mouse"},"content":{"rendered":"<p>Caracter\u00edsticas gerais<br \/>\n-Cadeira infantil para autom\u00f3vel, certificada para o Grupo 0\/1\/2 (do nascimento a 25kg)<br \/>\n-\u00c9 poss\u00edvel ajustar o encosto de cabe\u00e7a sem desinstalar a cadeira.<br \/>\n-Possui travesseiro, ombreiras, almofada redutora de costas e assento, protetor entrepernas, capa protetora da fivela, fundo protetor na base.<br \/>\n-Cinto de seguran\u00e7a de 5 pontos, ajustador do cinto de seguran\u00e7a nos ombros, 4 posi\u00e7\u00f5es de ajuste de altura do cinto de seguran\u00e7a.<br \/>\n-Possui uma posi\u00e7\u00e3o (mais reclinada) de costas para o movimento e 1 posi\u00e7\u00f5es de frente para o movimento com 4 reclina\u00e7\u00f5es.<br \/>\nLav\u00e1vel<br \/>\nCinto de seguran\u00e7a ajust\u00e1vel<br \/>\nCor Preta<br \/>\nAltura 63,00 Cent\u00edmetros<br \/>\nLargura 54,00 Cent\u00edmetros<br \/>\nProfundidade 45,00 Cent\u00edmetros<br \/>\nConte\u00fado da embalagem<br \/>\n1- Cadeira para Autom\u00f3vel Cosmo Mickey Mouse Classique &#8211; 0 a 25kg &#8211;<\/p>\n","protected":false},"excerpt":{"rendered":"<p>Descri\u00e7\u00e3o<br \/>\nSeguran\u00e7a e conforto com a Cadeira Cadeira para Autom\u00f3vel Cosmo Mickey Mouse Classique. Aprovada pelo INMETRO, \u00e9 perfeita para voc\u00ea que n\u00e3o abre m\u00e3o da qualidade, pois conta com estrutura em pl\u00e1stico e revestimento com tecido auto extingu\u00edvel, que n\u00e3o propaga o fogo.<br \/>\nVers\u00e1til e segura, possui cinto de seguran\u00e7a de 5 pontos, ajustador do cinto de seguran\u00e7a nos ombros, 4 posi\u00e7\u00f5es de ajuste de altura do cinto de seguran\u00e7a.<br \/>\nAl\u00e9m disso, conta com travesseiro, ombreiras, almofada redutora de costas e assento, protetor entrepernas, capa protetora da fivela e fundo protetor na base.<\/p>\n","protected":false},"featured_media":4756,"comment_status":"open","ping_status":"closed","template":"","meta":{"site-sidebar-layout":"default","site-content-layout":"","ast-site-content-layout":"default","site-content-style":"default","site-sidebar-style":"default","ast-global-header-display":"","ast-banner-title-visibility":"","ast-main-header-display":"","ast-hfb-above-header-display":"","ast-hfb-below-header-display":"","ast-hfb-mobile-header-display":"","site-post-title":"","ast-breadcrumbs-content":"","ast-featured-img":"","footer-sml-layout":"","theme-transparent-header-meta":"","adv-header-id-meta":"","stick-header-meta":"","header-above-stick-meta":"","header-main-stick-meta":"","header-below-stick-meta":"","astra-migrate-meta-layouts":"default","ast-page-background-enabled":"default","ast-page-background-meta":{"desktop":{"background-color":"","background-image":"","background-repeat":"repeat","background-position":"center center","background-size":"auto","background-attachment":"scroll","background-type":"","background-media":"","overlay-type":"","overlay-color":"","overlay-opacity":"","overlay-gradient":""},"tablet":{"background-color":"","background-image":"","background-repeat":"repeat","background-position":"center center","background-size":"auto","background-attachment":"scroll","background-type":"","background-media":"","overlay-type":"","overlay-color":"","overlay-opacity":"","overlay-gradient":""},"mobile":{"background-color":"","background-image":"","background-repeat":"repeat","background-position":"center center","background-size":"auto","background-attachment":"scroll","background-type":"","background-media":"","overlay-type":"","overlay-color":"","overlay-opacity":"","overlay-gradient":""}},"ast-content-background-meta":{"desktop":{"background-color":"var(--ast-global-color-5)","background-image":"","background-repeat":"repeat","background-position":"center center","background-size":"auto","background-attachment":"scroll","background-type":"","background-media":"","overlay-type":"","overlay-color":"","overlay-opacity":"","overlay-gradient":""},"tablet":{"background-color":"var(--ast-global-color-5)","background-image":"","background-repeat":"repeat","background-position":"center center","background-size":"auto","background-attachment":"scroll","background-type":"","background-media":"","overlay-type":"","overlay-color":"","overlay-opacity":"","overlay-gradient":""},"mobile":{"background-color":"var(--ast-global-color-5)","background-image":"","background-repeat":"repeat","background-position":"center center","background-size":"auto","background-attachment":"scroll","background-type":"","background-media":"","overlay-type":"","overlay-color":"","overlay-opacity":"","overlay-gradient":""}}},"product_brand":[],"product_cat":[86],"product_tag":[217,215,216,109,110],"class_list":{"0":"post-4641","1":"product","2":"type-product","3":"status-publish","4":"has-post-thumbnail","6":"product_cat-desapego","7":"product_tag-cadeira-mickey-mouse","8":"product_tag-cadeira-para-automovel","9":"product_tag-cadeira-reclinavel","10":"product_tag-cadeirinha-de-carro","11":"product_tag-cadeirinha-para-bebe","12":"desktop-align-left","13":"tablet-align-left","14":"mobile-align-left","16":"first","17":"outofstock","18":"shipping-taxable","19":"purchasable","20":"product-type-simple"},"_links":{"self":[{"href":"https:\/\/qualybabyloja.com.br\/loja\/index.php?rest_route=\/wp\/v2\/product\/4641","targetHints":{"allow":["GET"]}}],"collection":[{"href":"https:\/\/qualybabyloja.com.br\/loja\/index.php?rest_route=\/wp\/v2\/product"}],"about":[{"href":"https:\/\/qualybabyloja.com.br\/loja\/index.php?rest_route=\/wp\/v2\/types\/product"}],"replies":[{"embeddable":true,"href":"https:\/\/qualybabyloja.com.br\/loja\/index.php?rest_route=%2Fwp%2Fv2%2Fcomments&post=4641"}],"version-history":[{"count":1,"href":"https:\/\/qualybabyloja.com.br\/loja\/index.php?rest_route=\/wp\/v2\/product\/4641\/revisions"}],"predecessor-version":[{"id":4757,"href":"https:\/\/qualybabyloja.com.br\/loja\/index.php?rest_route=\/wp\/v2\/product\/4641\/revisions\/4757"}],"wp:featuredmedia":[{"embeddable":true,"href":"https:\/\/qualybabyloja.com.br\/loja\/index.php?rest_route=\/wp\/v2\/media\/4756"}],"wp:attachment":[{"href":"https:\/\/qualybabyloja.com.br\/loja\/index.php?rest_route=%2Fwp%2Fv2%2Fmedia&parent=4641"}],"wp:term":[{"taxonomy":"product_brand","embeddable":true,"href":"https:\/\/qualybabyloja.com.br\/loja\/index.php?rest_route=%2Fwp%2Fv2%2Fproduct_brand&post=4641"},{"taxonomy":"product_cat","embeddable":true,"href":"https:\/\/qualybabyloja.com.br\/loja\/index.php?rest_route=%2Fwp%2Fv2%2Fproduct_cat&post=4641"},{"taxonomy":"product_tag","embeddable":true,"href":"https:\/\/qualybabyloja.com.br\/loja\/index.php?rest_route=%2Fwp%2Fv2%2Fproduct_tag&post=4641"}],"curies":[{"name":"wp","href":"https:\/\/api.w.org\/{rel}","templated":true}]}}