{"id":4640,"date":"2025-11-12T13:34:40","date_gmt":"2025-11-12T13:34:40","guid":{"rendered":"https:\/\/qualybabyloja.com.br\/loja\/?post_type=product&#038;p=4640"},"modified":"2025-11-12T13:37:34","modified_gmt":"2025-11-12T13:37:34","slug":"cadeira-para-automovel-burigotto-matrix-evolution","status":"publish","type":"product","link":"https:\/\/qualybabyloja.com.br\/loja\/?product=cadeira-para-automovel-burigotto-matrix-evolution","title":{"rendered":"# Cadeira para Autom\u00f3vel Burigotto Matrix Evolution"},"content":{"rendered":"<p>Caracter\u00edsticas do Produto:<\/p>\n<p>&#8211; Para crian\u00e7as de 0 a 25kg.<br \/>\n&#8211; Cinto de seguran\u00e7a de 5 pontos com protetor acolchoado para os ombros<br \/>\n&#8211; Cinto de seguran\u00e7a se ajusta automaticamente a altura da crian\u00e7a, acompanhando a regulagem do apoio para a cabe\u00e7a.<br \/>\n&#8211; Reclin\u00e1vel em 4 posi\u00e7\u00f5es.<br \/>\n&#8211; Dimens\u00f5es do produto : Largura 55 cm. Altura 62 cm. Profundidade 65 cm.<br \/>\nPeso m\u00ednimo suportado<br \/>\n0 kg<br \/>\nPeso m\u00e1ximo suportado<br \/>\n25 kg<br \/>\nGrupos<br \/>\n0+,1,2<\/p>\n","protected":false},"excerpt":{"rendered":"<p>Descri\u00e7\u00e3o<br \/>\nCadeira Auto Reclin\u00e1vel Burigotto Matrix Evolution K at\u00e9 25kg Dallas<\/p>\n<p>A Cadeira para Automovel Matrix Evolution \u00e9 um item indispens\u00e1vel para transportar a crian\u00e7a no autom\u00f3vel, por ser pr\u00e1tica, segura, confort\u00e1vel e de f\u00e1cil instala\u00e7\u00e3o. Possui apoio para a cabe\u00e7a regul\u00e1vel em 7 posi\u00e7\u00f5es que acompanham o crescimento da crian\u00e7a, com prote\u00e7\u00e3o contra impacto lateral. \u00c9 testada e aprovada em todas as posi\u00e7\u00f5es de inclina\u00e7\u00e3o, com grande vantagem onde o seu cinto de seguran\u00e7a se ajusta automaticamente \u00e0 altura da crian\u00e7a, acompanhando a regulagem do apoio para a cabe\u00e7a. Al\u00e9m disso, ela possui cinto de seguran\u00e7a de 5 pontos com protetores acolchoados nos ombros.<\/p>\n","protected":false},"featured_media":4753,"comment_status":"open","ping_status":"closed","template":"","meta":{"site-sidebar-layout":"default","site-content-layout":"","ast-site-content-layout":"default","site-content-style":"default","site-sidebar-style":"default","ast-global-header-display":"","ast-banner-title-visibility":"","ast-main-header-display":"","ast-hfb-above-header-display":"","ast-hfb-below-header-display":"","ast-hfb-mobile-header-display":"","site-post-title":"","ast-breadcrumbs-content":"","ast-featured-img":"","footer-sml-layout":"","theme-transparent-header-meta":"","adv-header-id-meta":"","stick-header-meta":"","header-above-stick-meta":"","header-main-stick-meta":"","header-below-stick-meta":"","astra-migrate-meta-layouts":"default","ast-page-background-enabled":"default","ast-page-background-meta":{"desktop":{"background-color":"","background-image":"","background-repeat":"repeat","background-position":"center center","background-size":"auto","background-attachment":"scroll","background-type":"","background-media":"","overlay-type":"","overlay-color":"","overlay-opacity":"","overlay-gradient":""},"tablet":{"background-color":"","background-image":"","background-repeat":"repeat","background-position":"center center","background-size":"auto","background-attachment":"scroll","background-type":"","background-media":"","overlay-type":"","overlay-color":"","overlay-opacity":"","overlay-gradient":""},"mobile":{"background-color":"","background-image":"","background-repeat":"repeat","background-position":"center center","background-size":"auto","background-attachment":"scroll","background-type":"","background-media":"","overlay-type":"","overlay-color":"","overlay-opacity":"","overlay-gradient":""}},"ast-content-background-meta":{"desktop":{"background-color":"var(--ast-global-color-5)","background-image":"","background-repeat":"repeat","background-position":"center center","background-size":"auto","background-attachment":"scroll","background-type":"","background-media":"","overlay-type":"","overlay-color":"","overlay-opacity":"","overlay-gradient":""},"tablet":{"background-color":"var(--ast-global-color-5)","background-image":"","background-repeat":"repeat","background-position":"center center","background-size":"auto","background-attachment":"scroll","background-type":"","background-media":"","overlay-type":"","overlay-color":"","overlay-opacity":"","overlay-gradient":""},"mobile":{"background-color":"var(--ast-global-color-5)","background-image":"","background-repeat":"repeat","background-position":"center center","background-size":"auto","background-attachment":"scroll","background-type":"","background-media":"","overlay-type":"","overlay-color":"","overlay-opacity":"","overlay-gradient":""}}},"product_brand":[],"product_cat":[86],"product_tag":[214,215,216,109,110],"class_list":{"0":"post-4640","1":"product","2":"type-product","3":"status-publish","4":"has-post-thumbnail","6":"product_cat-desapego","7":"product_tag-cadeira-burigotto","8":"product_tag-cadeira-para-automovel","9":"product_tag-cadeira-reclinavel","10":"product_tag-cadeirinha-de-carro","11":"product_tag-cadeirinha-para-bebe","12":"desktop-align-left","13":"tablet-align-left","14":"mobile-align-left","16":"first","17":"instock","18":"shipping-taxable","19":"purchasable","20":"product-type-simple"},"_links":{"self":[{"href":"https:\/\/qualybabyloja.com.br\/loja\/index.php?rest_route=\/wp\/v2\/product\/4640","targetHints":{"allow":["GET"]}}],"collection":[{"href":"https:\/\/qualybabyloja.com.br\/loja\/index.php?rest_route=\/wp\/v2\/product"}],"about":[{"href":"https:\/\/qualybabyloja.com.br\/loja\/index.php?rest_route=\/wp\/v2\/types\/product"}],"replies":[{"embeddable":true,"href":"https:\/\/qualybabyloja.com.br\/loja\/index.php?rest_route=%2Fwp%2Fv2%2Fcomments&post=4640"}],"version-history":[{"count":1,"href":"https:\/\/qualybabyloja.com.br\/loja\/index.php?rest_route=\/wp\/v2\/product\/4640\/revisions"}],"predecessor-version":[{"id":4754,"href":"https:\/\/qualybabyloja.com.br\/loja\/index.php?rest_route=\/wp\/v2\/product\/4640\/revisions\/4754"}],"wp:featuredmedia":[{"embeddable":true,"href":"https:\/\/qualybabyloja.com.br\/loja\/index.php?rest_route=\/wp\/v2\/media\/4753"}],"wp:attachment":[{"href":"https:\/\/qualybabyloja.com.br\/loja\/index.php?rest_route=%2Fwp%2Fv2%2Fmedia&parent=4640"}],"wp:term":[{"taxonomy":"product_brand","embeddable":true,"href":"https:\/\/qualybabyloja.com.br\/loja\/index.php?rest_route=%2Fwp%2Fv2%2Fproduct_brand&post=4640"},{"taxonomy":"product_cat","embeddable":true,"href":"https:\/\/qualybabyloja.com.br\/loja\/index.php?rest_route=%2Fwp%2Fv2%2Fproduct_cat&post=4640"},{"taxonomy":"product_tag","embeddable":true,"href":"https:\/\/qualybabyloja.com.br\/loja\/index.php?rest_route=%2Fwp%2Fv2%2Fproduct_tag&post=4640"}],"curies":[{"name":"wp","href":"https:\/\/api.w.org\/{rel}","templated":true}]}}