{"id":4639,"date":"2025-11-12T13:34:39","date_gmt":"2025-11-12T13:34:39","guid":{"rendered":"https:\/\/qualybabyloja.com.br\/loja\/?post_type=product&#038;p=4639"},"modified":"2025-11-12T13:37:12","modified_gmt":"2025-11-12T13:37:12","slug":"carrinho-de-bebe-maclaren-quest-azul","status":"publish","type":"product","link":"https:\/\/qualybabyloja.com.br\/loja\/?product=carrinho-de-bebe-maclaren-quest-azul","title":{"rendered":"Carrinho de Bebe MacLaren Quest Azul"},"content":{"rendered":"<p>Caracter\u00edsticas principais<br \/>\nMarca\tMaclaren<br \/>\nModelo\tQuest<br \/>\nTipo de carrinho\tDe passeio<br \/>\nCapacidade do carrinho: Individual<br \/>\nPeso m\u00e1ximo suportado: 25 kg<br \/>\n\u00c9 reclin\u00e1vel: Sim<br \/>\nQuantidade de posi\u00e7\u00f5es de reclinado: 4<br \/>\nInclui travel system: N\u00e3o<br \/>\n\u00c9 3 em 1: N\u00e3o<br \/>\nPeso:  6,4kg<br \/>\nAcess\u00f3rios inclu\u00eddos: Cesto,Capota,Cinto<br \/>\nTipo de rodas: Qu\u00e1druplo<br \/>\nQuantidade de rodas: 6<br \/>\nCom freios: Sim<br \/>\nCom capota retr\u00e1til: Sim<br \/>\n\u00c9 kit: N\u00e3o<\/p>\n","protected":false},"excerpt":{"rendered":"<p>Descri\u00e7\u00e3o<br \/>\nEstrutura em perfeito estado porem tecido desbotado, projetado para beb\u00eas e crian\u00e7as de at\u00e9 15Kg, o carrinho da McLaren oferece um passeio suave e relaxante. Compacto e com design robusto, o carrinho possui m\u00faltiplas posi\u00e7\u00f5es de assento, cinto de cinco pontas e detalhes refletivos para maior seguran\u00e7a nos passeios noturnos.<br \/>\nTodas as Informa\u00e7\u00f5es divulgadas s\u00e3o de responsabilidade do Fabricante\/Fornecedor.<br \/>\n  Marca McLaren Tipo de carrinho Carrinho de passeio  Peso m\u00e1ximo recomendado (kg) 15kg Cor Azul Posi\u00e7\u00f5es 4 posi\u00e7\u00f5es Caracter\u00edsticas do assento Acolchoado Rodas 4 pares de roda Capota Sim Cesto Sim Conte\u00fado da Embalagem 1 Carro de passeio, 1 cesteiro Dimens\u00f5es aproximadas do produto (cm) &#8211; AxLxP 108x48x69cm Peso l\u00edq. aproximado do produto (kg) 6,4kg  Carrinho passeio Modelo Quest <\/p>\n","protected":false},"featured_media":4732,"comment_status":"open","ping_status":"closed","template":"","meta":{"site-sidebar-layout":"default","site-content-layout":"","ast-site-content-layout":"default","site-content-style":"default","site-sidebar-style":"default","ast-global-header-display":"","ast-banner-title-visibility":"","ast-main-header-display":"","ast-hfb-above-header-display":"","ast-hfb-below-header-display":"","ast-hfb-mobile-header-display":"","site-post-title":"","ast-breadcrumbs-content":"","ast-featured-img":"","footer-sml-layout":"","theme-transparent-header-meta":"","adv-header-id-meta":"","stick-header-meta":"","header-above-stick-meta":"","header-main-stick-meta":"","header-below-stick-meta":"","astra-migrate-meta-layouts":"default","ast-page-background-enabled":"default","ast-page-background-meta":{"desktop":{"background-color":"","background-image":"","background-repeat":"repeat","background-position":"center center","background-size":"auto","background-attachment":"scroll","background-type":"","background-media":"","overlay-type":"","overlay-color":"","overlay-opacity":"","overlay-gradient":""},"tablet":{"background-color":"","background-image":"","background-repeat":"repeat","background-position":"center center","background-size":"auto","background-attachment":"scroll","background-type":"","background-media":"","overlay-type":"","overlay-color":"","overlay-opacity":"","overlay-gradient":""},"mobile":{"background-color":"","background-image":"","background-repeat":"repeat","background-position":"center center","background-size":"auto","background-attachment":"scroll","background-type":"","background-media":"","overlay-type":"","overlay-color":"","overlay-opacity":"","overlay-gradient":""}},"ast-content-background-meta":{"desktop":{"background-color":"var(--ast-global-color-5)","background-image":"","background-repeat":"repeat","background-position":"center center","background-size":"auto","background-attachment":"scroll","background-type":"","background-media":"","overlay-type":"","overlay-color":"","overlay-opacity":"","overlay-gradient":""},"tablet":{"background-color":"var(--ast-global-color-5)","background-image":"","background-repeat":"repeat","background-position":"center center","background-size":"auto","background-attachment":"scroll","background-type":"","background-media":"","overlay-type":"","overlay-color":"","overlay-opacity":"","overlay-gradient":""},"mobile":{"background-color":"var(--ast-global-color-5)","background-image":"","background-repeat":"repeat","background-position":"center center","background-size":"auto","background-attachment":"scroll","background-type":"","background-media":"","overlay-type":"","overlay-color":"","overlay-opacity":"","overlay-gradient":""}}},"product_brand":[],"product_cat":[86],"product_tag":[87,213,88,89,126],"class_list":{"0":"post-4639","1":"product","2":"type-product","3":"status-publish","4":"has-post-thumbnail","6":"product_cat-desapego","7":"product_tag-carrinho-de-bebe","8":"product_tag-carrinho-de-passeio","9":"product_tag-carrinho-guarda-chuva","10":"product_tag-carrinho-maclaren","11":"product_tag-maclaren-quest","12":"desktop-align-left","13":"tablet-align-left","14":"mobile-align-left","16":"first","17":"outofstock","18":"shipping-taxable","19":"product-type-simple"},"_links":{"self":[{"href":"https:\/\/qualybabyloja.com.br\/loja\/index.php?rest_route=\/wp\/v2\/product\/4639","targetHints":{"allow":["GET"]}}],"collection":[{"href":"https:\/\/qualybabyloja.com.br\/loja\/index.php?rest_route=\/wp\/v2\/product"}],"about":[{"href":"https:\/\/qualybabyloja.com.br\/loja\/index.php?rest_route=\/wp\/v2\/types\/product"}],"replies":[{"embeddable":true,"href":"https:\/\/qualybabyloja.com.br\/loja\/index.php?rest_route=%2Fwp%2Fv2%2Fcomments&post=4639"}],"version-history":[{"count":1,"href":"https:\/\/qualybabyloja.com.br\/loja\/index.php?rest_route=\/wp\/v2\/product\/4639\/revisions"}],"predecessor-version":[{"id":4733,"href":"https:\/\/qualybabyloja.com.br\/loja\/index.php?rest_route=\/wp\/v2\/product\/4639\/revisions\/4733"}],"wp:featuredmedia":[{"embeddable":true,"href":"https:\/\/qualybabyloja.com.br\/loja\/index.php?rest_route=\/wp\/v2\/media\/4732"}],"wp:attachment":[{"href":"https:\/\/qualybabyloja.com.br\/loja\/index.php?rest_route=%2Fwp%2Fv2%2Fmedia&parent=4639"}],"wp:term":[{"taxonomy":"product_brand","embeddable":true,"href":"https:\/\/qualybabyloja.com.br\/loja\/index.php?rest_route=%2Fwp%2Fv2%2Fproduct_brand&post=4639"},{"taxonomy":"product_cat","embeddable":true,"href":"https:\/\/qualybabyloja.com.br\/loja\/index.php?rest_route=%2Fwp%2Fv2%2Fproduct_cat&post=4639"},{"taxonomy":"product_tag","embeddable":true,"href":"https:\/\/qualybabyloja.com.br\/loja\/index.php?rest_route=%2Fwp%2Fv2%2Fproduct_tag&post=4639"}],"curies":[{"name":"wp","href":"https:\/\/api.w.org\/{rel}","templated":true}]}}