{"id":4477,"date":"2025-11-12T13:30:37","date_gmt":"2025-11-12T13:30:37","guid":{"rendered":"https:\/\/qualybabyloja.com.br\/loja\/?post_type=product&#038;p=4477"},"modified":"2025-11-12T13:31:55","modified_gmt":"2025-11-12T13:31:55","slug":"carrinho-passeio-maclaren-quest-preto-preto-beje-maclaren","status":"publish","type":"product","link":"https:\/\/qualybabyloja.com.br\/loja\/?product=carrinho-passeio-maclaren-quest-preto-preto-beje-maclaren","title":{"rendered":"Carrinho Passeio Maclaren Quest Preto Preto\/BEJE &#8211; Maclaren"},"content":{"rendered":"<p>Carrinho de Beb\u00ea Passeio Maclaren\u00a0 4 posi\u00e7\u00f5es Preto \/beje &#8211; Maclaren<\/p>\n<p>Transporte seu beb\u00ea com todo conforto e seguran\u00e7a que ele merece.<\/p>\n<p>projetado para beb\u00eas e crian\u00e7as de at\u00e9 25kg, o carrinho da Maclaren oferece um passeio suave e relaxante. compacto e com design robusto, possui multiplas posi\u00e7\u00f5es de assento, al\u00e7a de transporte que facilita o movimento do carrinho enquanto n\u00e3o estiver em uso. cinto de cinco pontas e detalhes refletivos para maior seguran\u00e7a nos passeios noturnos,<br \/>\npossui 4 posi\u00e7\u00f5es de recline e o assento reclina para o beb\u00ea deitar.<\/p>\n<p>al\u00e9m de ser pr\u00e1tico e f\u00e1cil de carregar e fechar. possui al\u00e7a de transporte de m\u00e3o e pode ser fechado com apenas 1 das m\u00e3os.<\/p>\n","protected":false},"excerpt":{"rendered":"<p>Caracter\u00edsticas:<\/p>\n<p>-Marca: Maclaren<br \/>\n-Modelo: Quest Sport<br \/>\n-Peso: 5,8kg<br \/>\n-Material: Alum\u00ednio De Alta Performance<br \/>\n-Fechamento: Guarda-Chuva<br \/>\n-Fecha Com Apenas 1 M\u00e3o<br \/>\n-Bolsa Para Armazenar Objetos<br \/>\n-Freios Traseiros Acionados Com Os P\u00e9s<br \/>\n-Cinto De Seguran\u00e7a De 5 Pontos Com Anel De Reten\u00e7\u00e3o, Proporciona Maior Seguran\u00e7a Para A Crian\u00e7a<br \/>\n-Acompanha Capa De Chuva<br \/>\n-Assento Reclin\u00e1vel Em 4 Posi\u00e7\u00f5es, Inclusive Deitado, E Remov\u00edvel Para Limpeza.<br \/>\n-Assento Com Refletores Para Seguran\u00e7a Noturna.<br \/>\n-Al\u00e7a De M\u00e3o.<br \/>\n-Capota Com Janela De Observa\u00e7\u00e3o Com Prote\u00e7\u00e3o Solar Uva\/Uvb.<br \/>\n-Repousa P\u00e9s.<br \/>\n-Rodas Traseiras Com Freio.<br \/>\n-Rodas Dianteiras Girat\u00f3rias.<br \/>\n-Tecido Remov\u00edvel E Lav\u00e1vel.<\/p>\n<p>Idade Recomendada<br \/>\n-\u00c0 Partir Do Nascimento<\/p>\n<p>Peso Recomendado<br \/>\n-At\u00e9 25kg<\/p>\n<p>Conte\u00fado Da Embalagem<br \/>\n-1 Carrinho Quest<\/p>\n<p>Dimens\u00f5es Aproximado Do Produto Aberto: 106x43x82,5cm (Axlxp)<br \/>\nPeso L\u00edquido Aproximado Do Produto: 5,8kg.<\/p>\n","protected":false},"featured_media":4523,"comment_status":"open","ping_status":"closed","template":"","meta":{"site-sidebar-layout":"default","site-content-layout":"","ast-site-content-layout":"default","site-content-style":"default","site-sidebar-style":"default","ast-global-header-display":"","ast-banner-title-visibility":"","ast-main-header-display":"","ast-hfb-above-header-display":"","ast-hfb-below-header-display":"","ast-hfb-mobile-header-display":"","site-post-title":"","ast-breadcrumbs-content":"","ast-featured-img":"","footer-sml-layout":"","theme-transparent-header-meta":"","adv-header-id-meta":"","stick-header-meta":"","header-above-stick-meta":"","header-main-stick-meta":"","header-below-stick-meta":"","astra-migrate-meta-layouts":"default","ast-page-background-enabled":"default","ast-page-background-meta":{"desktop":{"background-color":"","background-image":"","background-repeat":"repeat","background-position":"center center","background-size":"auto","background-attachment":"scroll","background-type":"","background-media":"","overlay-type":"","overlay-color":"","overlay-opacity":"","overlay-gradient":""},"tablet":{"background-color":"","background-image":"","background-repeat":"repeat","background-position":"center center","background-size":"auto","background-attachment":"scroll","background-type":"","background-media":"","overlay-type":"","overlay-color":"","overlay-opacity":"","overlay-gradient":""},"mobile":{"background-color":"","background-image":"","background-repeat":"repeat","background-position":"center center","background-size":"auto","background-attachment":"scroll","background-type":"","background-media":"","overlay-type":"","overlay-color":"","overlay-opacity":"","overlay-gradient":""}},"ast-content-background-meta":{"desktop":{"background-color":"var(--ast-global-color-5)","background-image":"","background-repeat":"repeat","background-position":"center center","background-size":"auto","background-attachment":"scroll","background-type":"","background-media":"","overlay-type":"","overlay-color":"","overlay-opacity":"","overlay-gradient":""},"tablet":{"background-color":"var(--ast-global-color-5)","background-image":"","background-repeat":"repeat","background-position":"center center","background-size":"auto","background-attachment":"scroll","background-type":"","background-media":"","overlay-type":"","overlay-color":"","overlay-opacity":"","overlay-gradient":""},"mobile":{"background-color":"var(--ast-global-color-5)","background-image":"","background-repeat":"repeat","background-position":"center center","background-size":"auto","background-attachment":"scroll","background-type":"","background-media":"","overlay-type":"","overlay-color":"","overlay-opacity":"","overlay-gradient":""}}},"product_brand":[],"product_cat":[86],"product_tag":[87,88,89],"class_list":{"0":"post-4477","1":"product","2":"type-product","3":"status-publish","4":"has-post-thumbnail","6":"product_cat-desapego","7":"product_tag-carrinho-de-bebe","8":"product_tag-carrinho-guarda-chuva","9":"product_tag-carrinho-maclaren","10":"desktop-align-left","11":"tablet-align-left","12":"mobile-align-left","14":"first","15":"outofstock","16":"shipping-taxable","17":"product-type-simple"},"_links":{"self":[{"href":"https:\/\/qualybabyloja.com.br\/loja\/index.php?rest_route=\/wp\/v2\/product\/4477","targetHints":{"allow":["GET"]}}],"collection":[{"href":"https:\/\/qualybabyloja.com.br\/loja\/index.php?rest_route=\/wp\/v2\/product"}],"about":[{"href":"https:\/\/qualybabyloja.com.br\/loja\/index.php?rest_route=\/wp\/v2\/types\/product"}],"replies":[{"embeddable":true,"href":"https:\/\/qualybabyloja.com.br\/loja\/index.php?rest_route=%2Fwp%2Fv2%2Fcomments&post=4477"}],"version-history":[{"count":1,"href":"https:\/\/qualybabyloja.com.br\/loja\/index.php?rest_route=\/wp\/v2\/product\/4477\/revisions"}],"predecessor-version":[{"id":4524,"href":"https:\/\/qualybabyloja.com.br\/loja\/index.php?rest_route=\/wp\/v2\/product\/4477\/revisions\/4524"}],"wp:featuredmedia":[{"embeddable":true,"href":"https:\/\/qualybabyloja.com.br\/loja\/index.php?rest_route=\/wp\/v2\/media\/4523"}],"wp:attachment":[{"href":"https:\/\/qualybabyloja.com.br\/loja\/index.php?rest_route=%2Fwp%2Fv2%2Fmedia&parent=4477"}],"wp:term":[{"taxonomy":"product_brand","embeddable":true,"href":"https:\/\/qualybabyloja.com.br\/loja\/index.php?rest_route=%2Fwp%2Fv2%2Fproduct_brand&post=4477"},{"taxonomy":"product_cat","embeddable":true,"href":"https:\/\/qualybabyloja.com.br\/loja\/index.php?rest_route=%2Fwp%2Fv2%2Fproduct_cat&post=4477"},{"taxonomy":"product_tag","embeddable":true,"href":"https:\/\/qualybabyloja.com.br\/loja\/index.php?rest_route=%2Fwp%2Fv2%2Fproduct_tag&post=4477"}],"curies":[{"name":"wp","href":"https:\/\/api.w.org\/{rel}","templated":true}]}}